{"id":94,"date":"2019-06-27T11:14:47","date_gmt":"2019-06-27T11:14:47","guid":{"rendered":"https:\/\/kriik.al\/home\/?page_id=94"},"modified":"2019-06-28T15:03:15","modified_gmt":"2019-06-28T15:03:15","slug":"transparenca-dhe-llogaridhenia","status":"publish","type":"page","link":"https:\/\/kriik.al\/home\/transparenca-dhe-llogaridhenia\/","title":{"rendered":"Transparenca dhe llogaridh\u00ebnia"},"content":{"rendered":"\n<p>Faqja  \u00ebsht\u00eb n\u00eb nd\u00ebrtim    <\/p>\n","protected":false},"excerpt":{"rendered":"<p>Faqja \u00ebsht\u00eb n\u00eb nd\u00ebrtim<\/p>\n","protected":false},"author":1,"featured_media":0,"parent":0,"menu_order":0,"comment_status":"closed","ping_status":"closed","template":"","meta":{"om_disable_all_campaigns":false,"_monsterinsights_skip_tracking":false,"_monsterinsights_sitenote_active":false,"_monsterinsights_sitenote_note":"","_monsterinsights_sitenote_category":0,"footnotes":""},"class_list":["post-94","page","type-page","status-publish","hentry"],"aioseo_notices":[],"_links":{"self":[{"href":"https:\/\/kriik.al\/home\/wp-json\/wp\/v2\/pages\/94","targetHints":{"allow":["GET"]}}],"collection":[{"href":"https:\/\/kriik.al\/home\/wp-json\/wp\/v2\/pages"}],"about":[{"href":"https:\/\/kriik.al\/home\/wp-json\/wp\/v2\/types\/page"}],"author":[{"embeddable":true,"href":"https:\/\/kriik.al\/home\/wp-json\/wp\/v2\/users\/1"}],"replies":[{"embeddable":true,"href":"https:\/\/kriik.al\/home\/wp-json\/wp\/v2\/comments?post=94"}],"version-history":[{"count":2,"href":"https:\/\/kriik.al\/home\/wp-json\/wp\/v2\/pages\/94\/revisions"}],"predecessor-version":[{"id":213,"href":"https:\/\/kriik.al\/home\/wp-json\/wp\/v2\/pages\/94\/revisions\/213"}],"wp:attachment":[{"href":"https:\/\/kriik.al\/home\/wp-json\/wp\/v2\/media?parent=94"}],"curies":[{"name":"wp","href":"https:\/\/api.w.org\/{rel}","templated":true}]}}