{"id":926,"date":"2021-04-25T01:28:04","date_gmt":"2021-04-24T23:28:04","guid":{"rendered":"https:\/\/kriik.al\/home\/?page_id=926"},"modified":"2023-07-13T01:04:06","modified_gmt":"2023-07-12T23:04:06","slug":"together-for-roma-integration","status":"publish","type":"page","link":"https:\/\/kriik.al\/home\/together-for-roma-integration\/","title":{"rendered":"Together for Roma Integration"},"content":{"rendered":"\n<div class=\"wp-block-image is-style-default\"><figure class=\"aligncenter size-large is-resized\"><img loading=\"lazy\" decoding=\"async\" src=\"https:\/\/kriik.al\/home\/wp-content\/uploads\/2021\/04\/31_Together-for-Roma-Integration--1024x910.jpg\" alt=\"\" class=\"wp-image-927\" width=\"216\" height=\"203\"\/><\/figure><\/div>\n\n\n\n<hr class=\"wp-block-separator\"\/>\n\n\n\n<h3 class=\"wp-block-heading\"><strong>P\u00ebrshkrimi<\/strong><\/h3>\n\n\n\n<p><em><strong>Q\u00ebllimi<\/strong><\/em><\/p>\n\n\n\n<ul class=\"wp-block-list\"><li>Q\u00ebllimi i organizat\u00ebs,&nbsp; ka n\u00eb fokus Komunitetin Rom dhe grupet e tjera t\u00eb disavantazhuara n\u00ebp\u00ebrmjet pjes\u00ebmarrjes, monitorimit t\u00eb politikave publike , ngritj\u00ebs s\u00eb kapaciteteve dhe promovimit t\u00eb Kultur\u00ebs Rome.<\/li><\/ul>\n\n\n\n<p><strong><em>Fusha e veprimit<\/em><\/strong><\/p>\n\n\n\n<ul class=\"wp-block-list\"><li>Arsimi<\/li><li>Pun\u00ebsimi <\/li><li>Strehimi<\/li><li>Fuqizimi i t\u00eb rinjve rom\u00eb <\/li><li>Pjes\u00ebmarrja dhe promovimi i kultur\u00ebs Rome&nbsp;<\/li><\/ul>\n\n\n\n<p><strong><em>Rajoni gjeografik ku vepron<\/em><\/strong><\/p>\n\n\n\n<p>Qarku Fier dhe zonat rurale<\/p>\n\n\n\n<div style=\"height:20px\" aria-hidden=\"true\" class=\"wp-block-spacer\"><\/div>\n\n\n\n<h3 class=\"wp-block-heading\"><strong>Kontakt<\/strong><\/h3>\n\n\n\n<p> P\u00ebrfaq\u00ebsuesi ligjor i organizat\u00ebs, Eduart Koci<\/p>\n\n\n\n<p> E-mail: <a href=\"mailto:lauretaroshi@hotmail.com\">qendratirc@gmail.com<\/a><\/p>\n\n\n\n<hr class=\"wp-block-separator\"\/>\n\n\n\n<p><\/p>\n","protected":false},"excerpt":{"rendered":"<p>P\u00ebrshkrimi Q\u00ebllimi Q\u00ebllimi i organizat\u00ebs,&nbsp; ka n\u00eb fokus Komunitetin Rom dhe grupet e tjera t\u00eb disavantazhuara n\u00ebp\u00ebrmjet pjes\u00ebmarrjes, monitorimit t\u00eb politikave publike , ngritj\u00ebs s\u00eb kapaciteteve dhe promovimit t\u00eb Kultur\u00ebs Rome. Fusha e veprimit Arsimi Pun\u00ebsimi Strehimi Fuqizimi i t\u00eb rinjve rom\u00eb Pjes\u00ebmarrja dhe promovimi i kultur\u00ebs Rome&nbsp; Rajoni gjeografik ku vepron Qarku Fier dhe&#8230;<\/p>\n","protected":false},"author":4,"featured_media":0,"parent":0,"menu_order":0,"comment_status":"closed","ping_status":"closed","template":"","meta":{"om_disable_all_campaigns":false,"_monsterinsights_skip_tracking":false,"_monsterinsights_sitenote_active":false,"_monsterinsights_sitenote_note":"","_monsterinsights_sitenote_category":0,"footnotes":""},"class_list":["post-926","page","type-page","status-publish","hentry"],"aioseo_notices":[],"_links":{"self":[{"href":"https:\/\/kriik.al\/home\/wp-json\/wp\/v2\/pages\/926","targetHints":{"allow":["GET"]}}],"collection":[{"href":"https:\/\/kriik.al\/home\/wp-json\/wp\/v2\/pages"}],"about":[{"href":"https:\/\/kriik.al\/home\/wp-json\/wp\/v2\/types\/page"}],"author":[{"embeddable":true,"href":"https:\/\/kriik.al\/home\/wp-json\/wp\/v2\/users\/4"}],"replies":[{"embeddable":true,"href":"https:\/\/kriik.al\/home\/wp-json\/wp\/v2\/comments?post=926"}],"version-history":[{"count":5,"href":"https:\/\/kriik.al\/home\/wp-json\/wp\/v2\/pages\/926\/revisions"}],"predecessor-version":[{"id":2509,"href":"https:\/\/kriik.al\/home\/wp-json\/wp\/v2\/pages\/926\/revisions\/2509"}],"wp:attachment":[{"href":"https:\/\/kriik.al\/home\/wp-json\/wp\/v2\/media?parent=926"}],"curies":[{"name":"wp","href":"https:\/\/api.w.org\/{rel}","templated":true}]}}