{"id":91,"date":"2019-06-27T11:13:09","date_gmt":"2019-06-27T11:13:09","guid":{"rendered":"https:\/\/kriik.al\/home\/?page_id=91"},"modified":"2022-10-30T17:12:26","modified_gmt":"2022-10-30T16:12:26","slug":"integriteti-i-zgjedhjeve","status":"publish","type":"page","link":"https:\/\/kriik.al\/home\/integriteti-i-zgjedhjeve\/","title":{"rendered":"Integriteti i zgjedhjeve"},"content":{"rendered":"\n<hr class=\"wp-block-separator is-style-wide\"\/>\n\n\n\n<p>KRIIK \u00ebsht\u00eb angazhuar n\u00eb v\u00ebzhgimin e zgjedhjeve prej themelimit t\u00eb vet, duke angazhuar aktivist\u00eb si vullnetar\u00eb n\u00eb aksione v\u00ebzhgimi t\u00eb zgjedhjeve t\u00eb t\u00eb tjera organizatave. Prej vitit 2000, KRIIK ka qen\u00eb pjes\u00eb aksioneve t\u00eb p\u00ebrbashk\u00ebta t\u00eb v\u00ebzhgimit t\u00eb disa grupimeve t\u00eb organizatave vendase. <\/p>\n\n\n\n<p>Prej 2005, KRIIK ka qen\u00eb an\u00ebtar themelues e m\u00eb pas edhe nj\u00eb nga organizatat drejtuese t\u00eb <a href=\"http:\/\/www.zgjedhje.al\">Koalicionit t\u00eb V\u00ebzhguesve Vendor\u00eb (KVV)<\/a>, grupimi m\u00eb i madh i organizatave vendore q\u00eb kan\u00eb v\u00ebzhguar zgjedhjet n\u00eb Shqip\u00ebri. N\u00eb kuad\u00ebr t\u00eb apo n\u00eb bashk\u00ebpunim me Koalicionin e V\u00ebzhguesve Vendor\u00eb, KRIIK ka v\u00ebzhguar t\u00eb gjitha zgjedhjet e p\u00ebrgjithshme, parlamentare apo lokale, t\u00eb zhvilluara n\u00eb Shqip\u00ebri prej vitit 2005 deri n\u00eb vitin 2017 si dhe shumic\u00ebn e proceseve zgjedhore t\u00eb pjesshme t\u00eb zhvilluara gjat\u00eb k\u00ebsaj periudhe. <\/p>\n\n\n\n<p>KRIIK, n\u00eb bashk\u00ebpunim me Elections to Conduct Agency (ECA) kan\u00eb realizuar p\u00ebr her\u00eb t\u00eb par\u00eb n\u00eb Shqip\u00ebri num\u00ebrimin paralel t\u00eb votave n\u00eb rang vendi, n\u00eb zgjedhjet p\u00ebr Kuvendin e Shqip\u00ebris\u00eb t\u00eb vitit 2009. <\/p>\n\n\n\n<p>P\u00ebrve\u00e7 angazhimit n\u00eb v\u00ebzhgimin e proceseve zgjedhore, KRIIK ka nd\u00ebrmarr\u00eb nj\u00eb num\u00ebr iniciativash q\u00eb synojn\u00eb t\u00eb forcojn\u00eb integritetin e zgjedhjeve n\u00eb Shqip\u00ebri dhe ndjek n\u00eb m\u00ebnyr\u00eb t\u00eb vazhdueshme (jo vet\u00ebm gjat\u00eb periudhave zgjedhore) \u00e7do zhvillim politik apo institucional q\u00eb ka potencialin t\u00eb ndikoj\u00eb n\u00eb integritetin e zgjedhjeve.<\/p>\n\n\n\n<p>P\u00ebr m\u00eb tep\u00ebr informacion p\u00ebr aktivitetin e KRIIK n\u00eb kuad\u00ebr t\u00eb apo n\u00eb bashk\u00ebpunim me Koalicionin e V\u00ebzhguesve Vendor\u00eb, shih <a href=\"http:\/\/www.zgjedhje.al\">faqen web t\u00eb KVV<\/a>. <\/p>\n","protected":false},"excerpt":{"rendered":"<p>KRIIK \u00ebsht\u00eb angazhuar n\u00eb v\u00ebzhgimin e zgjedhjeve prej themelimit t\u00eb vet, duke angazhuar aktivist\u00eb si vullnetar\u00eb n\u00eb aksione v\u00ebzhgimi t\u00eb zgjedhjeve t\u00eb t\u00eb tjera organizatave. Prej vitit 2000, KRIIK ka qen\u00eb pjes\u00eb aksioneve t\u00eb p\u00ebrbashk\u00ebta t\u00eb v\u00ebzhgimit t\u00eb disa grupimeve t\u00eb organizatave vendase. Prej 2005, KRIIK ka qen\u00eb an\u00ebtar themelues e m\u00eb pas edhe nj\u00eb&#8230;<\/p>\n","protected":false},"author":1,"featured_media":0,"parent":0,"menu_order":0,"comment_status":"closed","ping_status":"closed","template":"","meta":{"om_disable_all_campaigns":false,"_monsterinsights_skip_tracking":false,"_monsterinsights_sitenote_active":false,"_monsterinsights_sitenote_note":"","_monsterinsights_sitenote_category":0,"footnotes":""},"class_list":["post-91","page","type-page","status-publish","hentry"],"aioseo_notices":[],"_links":{"self":[{"href":"https:\/\/kriik.al\/home\/wp-json\/wp\/v2\/pages\/91","targetHints":{"allow":["GET"]}}],"collection":[{"href":"https:\/\/kriik.al\/home\/wp-json\/wp\/v2\/pages"}],"about":[{"href":"https:\/\/kriik.al\/home\/wp-json\/wp\/v2\/types\/page"}],"author":[{"embeddable":true,"href":"https:\/\/kriik.al\/home\/wp-json\/wp\/v2\/users\/1"}],"replies":[{"embeddable":true,"href":"https:\/\/kriik.al\/home\/wp-json\/wp\/v2\/comments?post=91"}],"version-history":[{"count":4,"href":"https:\/\/kriik.al\/home\/wp-json\/wp\/v2\/pages\/91\/revisions"}],"predecessor-version":[{"id":1426,"href":"https:\/\/kriik.al\/home\/wp-json\/wp\/v2\/pages\/91\/revisions\/1426"}],"wp:attachment":[{"href":"https:\/\/kriik.al\/home\/wp-json\/wp\/v2\/media?parent=91"}],"curies":[{"name":"wp","href":"https:\/\/api.w.org\/{rel}","templated":true}]}}