{"id":893,"date":"2021-04-25T01:03:29","date_gmt":"2021-04-24T23:03:29","guid":{"rendered":"https:\/\/kriik.al\/home\/?page_id=893"},"modified":"2023-07-12T23:11:50","modified_gmt":"2023-07-12T21:11:50","slug":"shoqata-ekspertet-e-rinj-mjedisor","status":"publish","type":"page","link":"https:\/\/kriik.al\/home\/shoqata-ekspertet-e-rinj-mjedisor\/","title":{"rendered":"Shoqata Ekspert\u00ebt e Rinj Mjedisor"},"content":{"rendered":"\n<div class=\"wp-block-image is-style-default\"><figure class=\"aligncenter size-large is-resized\"><img loading=\"lazy\" decoding=\"async\" src=\"https:\/\/kriik.al\/home\/wp-content\/uploads\/2021\/04\/26_Shoqata-Ekspertet-e-Rinj-Mjedisor-.jpg\" alt=\"\" class=\"wp-image-894\" width=\"151\" height=\"153\"\/><\/figure><\/div>\n\n\n\n<hr class=\"wp-block-separator\"\/>\n\n\n\n<h3 class=\"wp-block-heading\"><strong>P\u00ebrshkrimi<\/strong><\/h3>\n\n\n\n<p><em><strong>Q\u00ebllimi<\/strong><\/em><\/p>\n\n\n\n<ul class=\"wp-block-list\"><li>P\u00ebrmir\u00ebsimi i cil\u00ebsi\u00eb s\u00eb mjedisit, zhvillimin e q\u00ebndruesh\u00ebm, me p\u00ebrfitim t\u00eb drejtp\u00ebrdrejt\u00eb t\u00eb komuniteteve me shtrirje mbar\u00eb komb\u00ebtare.&nbsp;<\/li><\/ul>\n\n\n\n<p><strong><em>Fusha e veprimit<\/em><\/strong><\/p>\n\n\n\n<ul class=\"wp-block-list\"><li>Forcimi i kapaciteteve t\u00eb rinis\u00eb<\/li><li>Forcimi i qasjes n\u00eb vendimmarrje dhe gjith\u00ebp\u00ebrfshirjen e shoq\u00ebris\u00eb p\u00ebr ruajtjen dhe mbrojtjen e mjedisit<\/li><li>Edukim joformal<\/li><li>Aktivitete q\u00eb promovojn\u00eb m\u00ebnyra t\u00eb reja apo tradicionale t\u00eb jetes\u00ebs<\/li><li>Avokim dhe lobim p\u00ebr \u00e7\u00ebshtjet mjedisore me q\u00ebllim t\u00eb forcimit t\u00eb bashk\u00ebpunimit n\u00eb mes t\u00eb qytetar\u00ebve , bizneseve dhe qeveris\u00eb lokale.<\/li><\/ul>\n\n\n\n<p><strong><em>Rajoni gjeografik ku vepron<\/em><\/strong><\/p>\n\n\n\n<p>Qyteti i Dibr\u00ebs<\/p>\n\n\n\n<div style=\"height:20px\" aria-hidden=\"true\" class=\"wp-block-spacer\"><\/div>\n\n\n\n<h3 class=\"wp-block-heading\"><strong>Kontakt<\/strong><\/h3>\n\n\n\n<p> P\u00ebrfaq\u00ebsuesi ligjor i organizat\u00ebs, Danjel Bica<\/p>\n\n\n\n<p> E-mail: <a href=\"mailto:Shermalbania@hotmail.com\">shermalbania@hotmail.com<\/a><a href=\"mailto:lauretaroshi@hotmail.com\"><br><\/a><\/p>\n\n\n\n<hr class=\"wp-block-separator\"\/>\n\n\n\n<p><\/p>\n","protected":false},"excerpt":{"rendered":"<p>P\u00ebrshkrimi Q\u00ebllimi P\u00ebrmir\u00ebsimi i cil\u00ebsi\u00eb s\u00eb mjedisit, zhvillimin e q\u00ebndruesh\u00ebm, me p\u00ebrfitim t\u00eb drejtp\u00ebrdrejt\u00eb t\u00eb komuniteteve me shtrirje mbar\u00eb komb\u00ebtare.&nbsp; Fusha e veprimit Forcimi i kapaciteteve t\u00eb rinis\u00eb Forcimi i qasjes n\u00eb vendimmarrje dhe gjith\u00ebp\u00ebrfshirjen e shoq\u00ebris\u00eb p\u00ebr ruajtjen dhe mbrojtjen e mjedisit Edukim joformal Aktivitete q\u00eb promovojn\u00eb m\u00ebnyra t\u00eb reja apo tradicionale t\u00eb jetes\u00ebs&#8230;<\/p>\n","protected":false},"author":4,"featured_media":0,"parent":0,"menu_order":0,"comment_status":"closed","ping_status":"closed","template":"","meta":{"om_disable_all_campaigns":false,"_monsterinsights_skip_tracking":false,"_monsterinsights_sitenote_active":false,"_monsterinsights_sitenote_note":"","_monsterinsights_sitenote_category":0,"footnotes":""},"class_list":["post-893","page","type-page","status-publish","hentry"],"aioseo_notices":[],"_links":{"self":[{"href":"https:\/\/kriik.al\/home\/wp-json\/wp\/v2\/pages\/893","targetHints":{"allow":["GET"]}}],"collection":[{"href":"https:\/\/kriik.al\/home\/wp-json\/wp\/v2\/pages"}],"about":[{"href":"https:\/\/kriik.al\/home\/wp-json\/wp\/v2\/types\/page"}],"author":[{"embeddable":true,"href":"https:\/\/kriik.al\/home\/wp-json\/wp\/v2\/users\/4"}],"replies":[{"embeddable":true,"href":"https:\/\/kriik.al\/home\/wp-json\/wp\/v2\/comments?post=893"}],"version-history":[{"count":3,"href":"https:\/\/kriik.al\/home\/wp-json\/wp\/v2\/pages\/893\/revisions"}],"predecessor-version":[{"id":2486,"href":"https:\/\/kriik.al\/home\/wp-json\/wp\/v2\/pages\/893\/revisions\/2486"}],"wp:attachment":[{"href":"https:\/\/kriik.al\/home\/wp-json\/wp\/v2\/media?parent=893"}],"curies":[{"name":"wp","href":"https:\/\/api.w.org\/{rel}","templated":true}]}}