{"id":862,"date":"2021-04-25T00:10:15","date_gmt":"2021-04-24T22:10:15","guid":{"rendered":"https:\/\/kriik.al\/home\/?page_id=862"},"modified":"2023-07-12T22:47:34","modified_gmt":"2023-07-12T20:47:34","slug":"hand-to-hand-against-nation-apathy","status":"publish","type":"page","link":"https:\/\/kriik.al\/home\/hand-to-hand-against-nation-apathy\/","title":{"rendered":"Hand to Hand Against Nation Apathy"},"content":{"rendered":"\n<div class=\"wp-block-image is-style-default\"><figure class=\"aligncenter size-large is-resized\"><img loading=\"lazy\" decoding=\"async\" src=\"https:\/\/kriik.al\/home\/wp-content\/uploads\/2021\/04\/22_Hand-to-Hand-Against-Nation-Apathy.png\" alt=\"\" class=\"wp-image-863\" width=\"203\" height=\"132\"\/><\/figure><\/div>\n\n\n\n<hr class=\"wp-block-separator\"\/>\n\n\n\n<h3 class=\"wp-block-heading\"><strong>P\u00ebrshkrimi<\/strong><\/h3>\n\n\n\n<p><em><strong>Q\u00ebllimi<\/strong><\/em><\/p>\n\n\n\n<p>H.A.N.A \u00ebsht\u00eb nj\u00eb organizat\u00eb shqiptare jo fitimprur\u00ebse, jo-qeveritare si dhe e vetmja qend\u00ebr rinore ne Lezh\u00eb, q\u00ebllimi i s\u00eb cil\u00ebs \u00ebsht\u00eb t\u00eb edukoj\u00eb shoq\u00ebrin\u00eb shqiptare dhe rinin\u00eb n\u00eb ve\u00e7anti, p\u00ebr r\u00ebnd\u00ebsin\u00eb e pjes\u00ebmarrjes pro-aktive n\u00eb \u00e7\u00ebshtjet me r\u00ebnd\u00ebsi komunitare t\u00eb p\u00ebrbashk\u00ebt, n\u00eb m\u00ebnyr\u00eb q\u00eb kjo pjes\u00ebmarrje t\u00eb sjell\u00eb ndryshim dhe zhvillim shoq\u00ebror.<\/p>\n\n\n\n<p><strong><em>Fusha e veprimit<\/em><\/strong><\/p>\n\n\n\n<ul class=\"wp-block-list\"><li>Aktivitete p\u00ebr edukimin jo-formal<\/li><li> Aktivitete p\u00ebr zhvillimin rinor<\/li><li>Aktivitete p\u00ebr \u00e7\u00ebshtjet me r\u00ebnd\u00ebsi komunitare<\/li><li>Aktivitete p\u00ebr nxitjen e pjes\u00ebmarrjes s\u00eb t\u00eb rinjve<\/li><\/ul>\n\n\n\n<p><strong><em>Rajoni gjeografik ku vepron<\/em><\/strong><\/p>\n\n\n\n<p>Qyteti i Lezh\u00ebs<\/p>\n\n\n\n<div style=\"height:20px\" aria-hidden=\"true\" class=\"wp-block-spacer\"><\/div>\n\n\n\n<h3 class=\"wp-block-heading\"><strong>Kontakt<\/strong><\/h3>\n\n\n\n<p>P\u00ebrfaq\u00ebsuesi ligjor i organizat\u00ebs, Besmira Lekaj<\/p>\n\n\n\n<p>E-mail: <a href=\"mailto:info@hanacentre.org\" target=\"_blank\" rel=\"noreferrer noopener\">info@hanacentre.org<\/a><\/p>\n\n\n\n<hr class=\"wp-block-separator\"\/>\n\n\n\n<p><\/p>\n","protected":false},"excerpt":{"rendered":"<p>P\u00ebrshkrimi Q\u00ebllimi H.A.N.A \u00ebsht\u00eb nj\u00eb organizat\u00eb shqiptare jo fitimprur\u00ebse, jo-qeveritare si dhe e vetmja qend\u00ebr rinore ne Lezh\u00eb, q\u00ebllimi i s\u00eb cil\u00ebs \u00ebsht\u00eb t\u00eb edukoj\u00eb shoq\u00ebrin\u00eb shqiptare dhe rinin\u00eb n\u00eb ve\u00e7anti, p\u00ebr r\u00ebnd\u00ebsin\u00eb e pjes\u00ebmarrjes pro-aktive n\u00eb \u00e7\u00ebshtjet me r\u00ebnd\u00ebsi komunitare t\u00eb p\u00ebrbashk\u00ebt, n\u00eb m\u00ebnyr\u00eb q\u00eb kjo pjes\u00ebmarrje t\u00eb sjell\u00eb ndryshim dhe zhvillim shoq\u00ebror. Fusha&#8230;<\/p>\n","protected":false},"author":4,"featured_media":0,"parent":0,"menu_order":0,"comment_status":"closed","ping_status":"closed","template":"","meta":{"om_disable_all_campaigns":false,"_monsterinsights_skip_tracking":false,"_monsterinsights_sitenote_active":false,"_monsterinsights_sitenote_note":"","_monsterinsights_sitenote_category":0,"footnotes":""},"class_list":["post-862","page","type-page","status-publish","hentry"],"aioseo_notices":[],"_links":{"self":[{"href":"https:\/\/kriik.al\/home\/wp-json\/wp\/v2\/pages\/862","targetHints":{"allow":["GET"]}}],"collection":[{"href":"https:\/\/kriik.al\/home\/wp-json\/wp\/v2\/pages"}],"about":[{"href":"https:\/\/kriik.al\/home\/wp-json\/wp\/v2\/types\/page"}],"author":[{"embeddable":true,"href":"https:\/\/kriik.al\/home\/wp-json\/wp\/v2\/users\/4"}],"replies":[{"embeddable":true,"href":"https:\/\/kriik.al\/home\/wp-json\/wp\/v2\/comments?post=862"}],"version-history":[{"count":3,"href":"https:\/\/kriik.al\/home\/wp-json\/wp\/v2\/pages\/862\/revisions"}],"predecessor-version":[{"id":2480,"href":"https:\/\/kriik.al\/home\/wp-json\/wp\/v2\/pages\/862\/revisions\/2480"}],"wp:attachment":[{"href":"https:\/\/kriik.al\/home\/wp-json\/wp\/v2\/media?parent=862"}],"curies":[{"name":"wp","href":"https:\/\/api.w.org\/{rel}","templated":true}]}}