{"id":846,"date":"2021-04-25T00:52:17","date_gmt":"2021-04-24T22:52:17","guid":{"rendered":"https:\/\/kriik.al\/home\/?page_id=846"},"modified":"2023-07-08T16:28:28","modified_gmt":"2023-07-08T14:28:28","slug":"qendra-keshillimore-per-njerezit-me-aftesi-te-kufizuar","status":"publish","type":"page","link":"https:\/\/kriik.al\/home\/qendra-keshillimore-per-njerezit-me-aftesi-te-kufizuar\/","title":{"rendered":"Qendra K\u00ebshillimore p\u00ebr Njer\u00ebzit me Aft\u00ebsi t\u00eb Kufizuar"},"content":{"rendered":"\n<div class=\"wp-block-image is-style-default\"><figure class=\"aligncenter size-large is-resized\"><img loading=\"lazy\" decoding=\"async\" src=\"https:\/\/kriik.al\/home\/wp-content\/uploads\/2021\/04\/19_Qendra-keshillmore-shkoder.jpg\" alt=\"\" class=\"wp-image-848\" width=\"216\" height=\"147\"\/><\/figure><\/div>\n\n\n\n<hr class=\"wp-block-separator\"\/>\n\n\n\n<h3 class=\"wp-block-heading\"><strong>P\u00ebrshkrimi<\/strong><\/h3>\n\n\n\n<p><em><strong>Q\u00ebllimi<\/strong><\/em><\/p>\n\n\n\n<ul class=\"wp-block-list\"><li>T\u00eb zbuloj\u00eb alternativat p\u00ebr p\u00ebrmir\u00ebsimin e jet\u00ebs s\u00eb invalid\u00ebve.<\/li><li>T\u00eb sensibilizoj\u00eb opinionin dhe ta edukoj\u00eb at\u00eb.<\/li><li>T\u00eb t\u00ebrheq\u00eb v\u00ebmendjen e qeveris\u00eb p\u00ebr problemet e k\u00ebtyre personave.<\/li><\/ul>\n\n\n\n<p><strong><em>Fusha e veprimit<\/em><\/strong><\/p>\n\n\n\n<ul class=\"wp-block-list\"><li>Riaft\u00ebsimi mendor e fizik i personave t\u00eb mundsh\u00ebm.<\/li><li>P\u00ebrfshirja n\u00eb projektet e formimit profesional p\u00ebr rritjen e kapacitetit t\u00eb tyre, p\u00ebr mund\u00ebsi pun\u00ebsimi, n\u00eb sektorin shtet\u00ebror, at\u00eb privat e n\u00eb sht\u00ebpit\u00eb e tyre.<\/li><li>Shkollim i t\u00eb gjith\u00eb personave t\u00eb mundsh\u00ebm, sipas mund\u00ebsis\u00eb e rrethanave, n\u00eb t\u00eb cilat ndodhen aktualisht.<\/li><li>P\u00ebrfshirja n\u00eb trajnimet e aft\u00ebsimit fizik e profesional edhe personave q\u00eb n\u00eb familje u sh\u00ebrbejn\u00eb invalid\u00ebve dhe p\u00ebr k\u00ebt\u00eb shkak, nuk p\u00ebrparojn\u00eb n\u00eb jet\u00ebn e tyre.<\/li><li>Paisja me mjetet e nevojshme l\u00ebviz\u00ebse, p\u00ebr invalid\u00ebt fizik.<\/li><li>Aktivitetet e sensibilizimit, n\u00eb institucionet rezidenciale e invalid\u00ebt ne familje. Bashk\u00ebpunim me Organet e Qeverisjes Vendore per sensibilizim e rritje t\u00eb kapacitetit t\u00eb stafit.<\/li><li>Trajnim i vazhduesh\u00ebm i stafit, punonj\u00ebsve ,m\u00ebsuesve , p\u00ebr t\u2019iu p\u00ebrgjigjur sh\u00ebrbimeve ndaj klient\u00ebve.<\/li><\/ul>\n\n\n\n<p><strong><em>Rajoni gjeografik ku vepron<\/em><\/strong><\/p>\n\n\n\n<p>N\u00eb Shqip\u00ebrin\u00eb e Veriut, nga Qarku i Lezh\u00ebs, Shkodr\u00ebs, Kuk\u00ebsit.<\/p>\n\n\n\n<div style=\"height:20px\" aria-hidden=\"true\" class=\"wp-block-spacer\"><\/div>\n\n\n\n<h3 class=\"wp-block-heading\"><strong>Kontakt<\/strong><\/h3>\n\n\n\n<p> P\u00ebrfaq\u00ebsuesi ligjor i organizat\u00ebs, Antonjeta Pero<\/p>\n\n\n\n<p>E-mail: <a href=\"mailto:lauretaroshi@hotmail.com\"><\/a><a href=\"mailto:antonjetapero@gmail.com\">antonjetapero@gmail.com<\/a><\/p>\n\n\n\n<hr class=\"wp-block-separator\"\/>\n\n\n\n<p><\/p>\n","protected":false},"excerpt":{"rendered":"<p>P\u00ebrshkrimi Q\u00ebllimi T\u00eb zbuloj\u00eb alternativat p\u00ebr p\u00ebrmir\u00ebsimin e jet\u00ebs s\u00eb invalid\u00ebve. T\u00eb sensibilizoj\u00eb opinionin dhe ta edukoj\u00eb at\u00eb. T\u00eb t\u00ebrheq\u00eb v\u00ebmendjen e qeveris\u00eb p\u00ebr problemet e k\u00ebtyre personave. Fusha e veprimit Riaft\u00ebsimi mendor e fizik i personave t\u00eb mundsh\u00ebm. P\u00ebrfshirja n\u00eb projektet e formimit profesional p\u00ebr rritjen e kapacitetit t\u00eb tyre, p\u00ebr mund\u00ebsi pun\u00ebsimi, n\u00eb&#8230;<\/p>\n","protected":false},"author":4,"featured_media":0,"parent":0,"menu_order":0,"comment_status":"closed","ping_status":"closed","template":"","meta":{"om_disable_all_campaigns":false,"_monsterinsights_skip_tracking":false,"_monsterinsights_sitenote_active":false,"_monsterinsights_sitenote_note":"","_monsterinsights_sitenote_category":0,"footnotes":""},"class_list":["post-846","page","type-page","status-publish","hentry"],"aioseo_notices":[],"_links":{"self":[{"href":"https:\/\/kriik.al\/home\/wp-json\/wp\/v2\/pages\/846","targetHints":{"allow":["GET"]}}],"collection":[{"href":"https:\/\/kriik.al\/home\/wp-json\/wp\/v2\/pages"}],"about":[{"href":"https:\/\/kriik.al\/home\/wp-json\/wp\/v2\/types\/page"}],"author":[{"embeddable":true,"href":"https:\/\/kriik.al\/home\/wp-json\/wp\/v2\/users\/4"}],"replies":[{"embeddable":true,"href":"https:\/\/kriik.al\/home\/wp-json\/wp\/v2\/comments?post=846"}],"version-history":[{"count":7,"href":"https:\/\/kriik.al\/home\/wp-json\/wp\/v2\/pages\/846\/revisions"}],"predecessor-version":[{"id":2448,"href":"https:\/\/kriik.al\/home\/wp-json\/wp\/v2\/pages\/846\/revisions\/2448"}],"wp:attachment":[{"href":"https:\/\/kriik.al\/home\/wp-json\/wp\/v2\/media?parent=846"}],"curies":[{"name":"wp","href":"https:\/\/api.w.org\/{rel}","templated":true}]}}