{"id":827,"date":"2021-04-25T00:36:42","date_gmt":"2021-04-24T22:36:42","guid":{"rendered":"https:\/\/kriik.al\/home\/?page_id=827"},"modified":"2021-04-25T00:36:44","modified_gmt":"2021-04-24T22:36:44","slug":"porta-rome-per-integrim","status":"publish","type":"page","link":"https:\/\/kriik.al\/home\/porta-rome-per-integrim\/","title":{"rendered":"Porta Rome p\u00ebr Integrim"},"content":{"rendered":"\n<div class=\"wp-block-image is-style-default\"><figure class=\"aligncenter size-large is-resized\"><img loading=\"lazy\" decoding=\"async\" src=\"https:\/\/kriik.al\/home\/wp-content\/uploads\/2021\/04\/15_Porta-Rome-per-Integrim-906x1024.png\" alt=\"\" class=\"wp-image-828\" width=\"166\" height=\"187\" srcset=\"https:\/\/kriik.al\/home\/wp-content\/uploads\/2021\/04\/15_Porta-Rome-per-Integrim-906x1024.png 906w, https:\/\/kriik.al\/home\/wp-content\/uploads\/2021\/04\/15_Porta-Rome-per-Integrim-265x300.png 265w, https:\/\/kriik.al\/home\/wp-content\/uploads\/2021\/04\/15_Porta-Rome-per-Integrim-768x868.png 768w, https:\/\/kriik.al\/home\/wp-content\/uploads\/2021\/04\/15_Porta-Rome-per-Integrim-300x339.png 300w, https:\/\/kriik.al\/home\/wp-content\/uploads\/2021\/04\/15_Porta-Rome-per-Integrim-850x961.png 850w, https:\/\/kriik.al\/home\/wp-content\/uploads\/2021\/04\/15_Porta-Rome-per-Integrim.png 1159w\" sizes=\"auto, (max-width: 166px) 100vw, 166px\" \/><\/figure><\/div>\n\n\n\n<hr class=\"wp-block-separator\"\/>\n\n\n\n<h3 class=\"wp-block-heading\"><strong>P\u00ebrshkrimi<\/strong><\/h3>\n\n\n\n<p><em><strong>Q\u00ebllimi<\/strong><\/em><\/p>\n\n\n\n<ul class=\"wp-block-list\"><li>T\u00eb nxis p\u00ebrfshirjen sociale t\u00eb an\u00ebtar\u00ebve t\u00eb komunitetit rom n\u00eb zon\u00ebn e Fush\u00eb Kruj\u00ebs, duke p\u00ebrfshir\u00eb familjet rome duke i nd\u00ebrgjegj\u00ebsuar ata mbi vlerat e arsimit dhe t\u00eb kultur\u00ebs rome. <\/li><li>T\u00eb krijoj\u00eb ura lidh\u00ebse me pushtetin lokal p\u00ebr t\u00eb ndihmuar n\u00eb rritjen e kapaciteteve rome, dhe pun\u00ebsimin e tyre. <\/li><li> T\u00eb inicioj\u00eb leht\u00ebsimin e marr\u00ebdh\u00ebnieve t\u00eb komunitetit me institucionet shtet\u00ebrore p\u00ebrfshir\u00eb ato t\u00eb sh\u00ebndetit publik.<\/li><li>Q\u00ebllimi yn\u00eb \u00ebsht\u00eb t\u00eb p\u00ebrgatisim familjet rome t\u00eb shoq\u00ebris\u00eb s\u00eb sotme p\u00ebr nj\u00eb t\u00eb ardhme m\u00eb t\u00eb mir\u00eb t\u00eb komunitetit rom n\u00eb zon\u00ebn e Fush\u00eb Kruj\u00ebs. <\/li><li>P\u00ebr t\u2019i p\u00ebrmbushur q\u00ebllimet e saj, organizata do t\u00eb nd\u00ebrmarr\u00eb, por nuk do t\u00eb kufizohet vet\u00ebm n\u00eb to, aktivitetet e posht\u00ebsh\u00ebnuara n\u00eb pjes\u00ebt e ndryshme t\u00eb familjes rome, p\u00ebr t\u00eb siguruar integrimin e saj n\u00eb shoq\u00ebrin\u00eb shqiptare.<\/li><\/ul>\n\n\n\n<p><strong><em>Fusha e veprimit<\/em><\/strong><\/p>\n\n\n\n<ul class=\"wp-block-list\"><li>Aktivitete n\u00eb fush\u00ebn e arsimit<\/li><li>Aktivitete mbi p\u00ebrfshirjen n\u00eb vendimarrje<\/li><li>Aktivitete mbi pun\u00ebsimin dhe arsimimin profesional<\/li><li>Aktivitete mbi kultur\u00ebn rome<\/li><li>Aktivitete mbi p\u00ebrfshirjen sociale t\u00eb gruas<\/li><li>Aktivitete n\u00eb fush\u00ebn e t\u00eb drejtave t\u00eb njeriut<\/li><\/ul>\n\n\n\n<p><strong><em>Rajoni gjeografik ku vepron<\/em><\/strong><\/p>\n\n\n\n<p>Nj\u00ebsia Administrative Fush\u00eb Kruj\u00eb, Bashkia Kruj\u00eb<\/p>\n\n\n\n<div style=\"height:20px\" aria-hidden=\"true\" class=\"wp-block-spacer\"><\/div>\n\n\n\n<h3 class=\"wp-block-heading\"><strong>Kontakt<\/strong><\/h3>\n\n\n\n<figure class=\"wp-block-table is-style-stripes\"><table class=\"has-subtle-light-gray-background-color has-background\"><tbody><tr><td> P\u00ebrfaq\u00ebsuesi ligjor i organizat\u00ebs, Fatmira Dajlani<\/td><\/tr><tr><td><\/td><\/tr><tr><td> E-mail: <a href=\"mailto:lauretaroshi@hotmail.com\">jemiedhene1@gmail.com<\/a><\/td><\/tr><\/tbody><\/table><\/figure>\n\n\n\n<hr class=\"wp-block-separator\"\/>\n\n\n\n<p><\/p>\n","protected":false},"excerpt":{"rendered":"<p>P\u00ebrshkrimi Q\u00ebllimi T\u00eb nxis p\u00ebrfshirjen sociale t\u00eb an\u00ebtar\u00ebve t\u00eb komunitetit rom n\u00eb zon\u00ebn e Fush\u00eb Kruj\u00ebs, duke p\u00ebrfshir\u00eb familjet rome duke i nd\u00ebrgjegj\u00ebsuar ata mbi vlerat e arsimit dhe t\u00eb kultur\u00ebs rome. T\u00eb krijoj\u00eb ura lidh\u00ebse me pushtetin lokal p\u00ebr t\u00eb ndihmuar n\u00eb rritjen e kapaciteteve rome, dhe pun\u00ebsimin e tyre. T\u00eb inicioj\u00eb leht\u00ebsimin e&#8230;<\/p>\n","protected":false},"author":4,"featured_media":0,"parent":0,"menu_order":0,"comment_status":"closed","ping_status":"closed","template":"","meta":{"om_disable_all_campaigns":false,"_monsterinsights_skip_tracking":false,"_monsterinsights_sitenote_active":false,"_monsterinsights_sitenote_note":"","_monsterinsights_sitenote_category":0,"footnotes":""},"class_list":["post-827","page","type-page","status-publish","hentry"],"aioseo_notices":[],"_links":{"self":[{"href":"https:\/\/kriik.al\/home\/wp-json\/wp\/v2\/pages\/827","targetHints":{"allow":["GET"]}}],"collection":[{"href":"https:\/\/kriik.al\/home\/wp-json\/wp\/v2\/pages"}],"about":[{"href":"https:\/\/kriik.al\/home\/wp-json\/wp\/v2\/types\/page"}],"author":[{"embeddable":true,"href":"https:\/\/kriik.al\/home\/wp-json\/wp\/v2\/users\/4"}],"replies":[{"embeddable":true,"href":"https:\/\/kriik.al\/home\/wp-json\/wp\/v2\/comments?post=827"}],"version-history":[{"count":3,"href":"https:\/\/kriik.al\/home\/wp-json\/wp\/v2\/pages\/827\/revisions"}],"predecessor-version":[{"id":993,"href":"https:\/\/kriik.al\/home\/wp-json\/wp\/v2\/pages\/827\/revisions\/993"}],"wp:attachment":[{"href":"https:\/\/kriik.al\/home\/wp-json\/wp\/v2\/media?parent=827"}],"curies":[{"name":"wp","href":"https:\/\/api.w.org\/{rel}","templated":true}]}}