{"id":817,"date":"2021-04-25T00:27:44","date_gmt":"2021-04-24T22:27:44","guid":{"rendered":"https:\/\/kriik.al\/home\/?page_id=817"},"modified":"2023-07-12T20:47:16","modified_gmt":"2023-07-12T18:47:16","slug":"mbrojtja-e-te-drejtave-te-personave-me-aftesi-te-kufizuara","status":"publish","type":"page","link":"https:\/\/kriik.al\/home\/mbrojtja-e-te-drejtave-te-personave-me-aftesi-te-kufizuara\/","title":{"rendered":"Mbrojtja e t\u00eb Drejtave t\u00eb Personave me Aft\u00ebsi t\u00eb Kufizuara"},"content":{"rendered":"\n<div class=\"wp-block-image\"><figure class=\"aligncenter size-large is-resized\"><img loading=\"lazy\" decoding=\"async\" src=\"https:\/\/kriik.al\/home\/wp-content\/uploads\/2021\/05\/medpak.jpg\" alt=\"\" class=\"wp-image-1185\" width=\"257\" height=\"123\" srcset=\"https:\/\/kriik.al\/home\/wp-content\/uploads\/2021\/05\/medpak.jpg 679w, https:\/\/kriik.al\/home\/wp-content\/uploads\/2021\/05\/medpak-300x144.jpg 300w\" sizes=\"auto, (max-width: 257px) 100vw, 257px\" \/><\/figure><\/div>\n\n\n\n<hr class=\"wp-block-separator\"\/>\n\n\n\n<h3 class=\"wp-block-heading\"><strong>P\u00ebrshkrimi<\/strong><\/h3>\n\n\n\n<p>Mbrojtja e t\u00eb Drejtave t\u00eb Personave&nbsp; me Aft\u00ebsi t\u00eb Kufizuar <strong>(MEDPAK)<\/strong>, \u00ebsht\u00eb shoqat\u00eb e ngritur nga prind\u00ebr t\u00eb f\u00ebmij\u00ebve me aft\u00ebsi t\u00eb kufizuar&nbsp; dhe ka p\u00ebr mision.<\/p>\n\n\n\n<p><em><strong>Misioni<\/strong><\/em><\/p>\n\n\n\n<p>Mbrojm\u00eb t\u00eb drejtat e personave me aft\u00ebsi t\u00eb kufizuara p\u00ebrmes&nbsp; njohjes e zbatimit t\u00eb akteve ligjore e n\u00ebnligjore,trajnimit t\u00eb an\u00ebtar\u00ebve e m\u00eb gjer\u00eb, sensibilizimit t\u00eb komunitetit p\u00ebr rritjen e k\u00ebrkesave p\u00ebr zbatimin e ligjeve, krijimin e sh\u00ebrbimeve, me q\u00ebllim q\u00eb t\u00eb arrihet nj\u00eb jet\u00eb dinjitoze p\u00ebr t\u00eb gjith\u00eb.<\/p>\n\n\n\n<p><strong><em>Fusha e Veprimit<\/em><\/strong><\/p>\n\n\n\n<ul class=\"wp-block-list\"><li>Fuqizimi i prind\u00ebrve t\u00eb f\u00ebmij\u00ebve e aft\u00ebsi t\u00eb kufizuar p\u00ebr t\u00eb mbrojtur t\u00eb drejtat e f\u00ebmij\u00ebve t\u00eb tyre me aft\u00ebsi t\u00eb kufizuar<\/li><li>Ngritja e sh\u00ebrbimeve p\u00ebr PAK n\u00eb nivel bashkie<\/li><li>Trajnimi i m\u00ebsues\u00ebve dhe profesionist\u00ebve q\u00eb punojn\u00eb me PAK<\/li><\/ul>\n\n\n\n<p><strong><em>Rajoni gjeografik ku vepron<\/em><\/strong><\/p>\n\n\n\n<p>Qarku i Elbasanit, Bashkia Kor\u00e7\u00eb, Bashkia Dib\u00ebr<\/p>\n\n\n\n<div style=\"height:20px\" aria-hidden=\"true\" class=\"wp-block-spacer\"><\/div>\n\n\n\n<h3 class=\"wp-block-heading\"><strong>Kontakt<\/strong><\/h3>\n\n\n\n<p> P\u00ebrfaq\u00ebsuesi ligjor i organizat\u00ebs,\u00a0Zela Koka<\/p>\n\n\n\n<p> E-mail: <a href=\"mailto:mbrojtjamjedisit@yahoo.com\"><\/a><a href=\"mailto:infor@medpak.org\">infor@medpak.org<\/a><\/p>\n\n\n\n<hr class=\"wp-block-separator\"\/>\n","protected":false},"excerpt":{"rendered":"<p>P\u00ebrshkrimi Mbrojtja e t\u00eb Drejtave t\u00eb Personave&nbsp; me Aft\u00ebsi t\u00eb Kufizuar (MEDPAK), \u00ebsht\u00eb shoqat\u00eb e ngritur nga prind\u00ebr t\u00eb f\u00ebmij\u00ebve me aft\u00ebsi t\u00eb kufizuar&nbsp; dhe ka p\u00ebr mision. Misioni Mbrojm\u00eb t\u00eb drejtat e personave me aft\u00ebsi t\u00eb kufizuara p\u00ebrmes&nbsp; njohjes e zbatimit t\u00eb akteve ligjore e n\u00ebnligjore,trajnimit t\u00eb an\u00ebtar\u00ebve e m\u00eb gjer\u00eb, sensibilizimit t\u00eb komunitetit&#8230;<\/p>\n","protected":false},"author":4,"featured_media":0,"parent":0,"menu_order":0,"comment_status":"closed","ping_status":"closed","template":"","meta":{"om_disable_all_campaigns":false,"_monsterinsights_skip_tracking":false,"_monsterinsights_sitenote_active":false,"_monsterinsights_sitenote_note":"","_monsterinsights_sitenote_category":0,"footnotes":""},"class_list":["post-817","page","type-page","status-publish","hentry"],"aioseo_notices":[],"_links":{"self":[{"href":"https:\/\/kriik.al\/home\/wp-json\/wp\/v2\/pages\/817","targetHints":{"allow":["GET"]}}],"collection":[{"href":"https:\/\/kriik.al\/home\/wp-json\/wp\/v2\/pages"}],"about":[{"href":"https:\/\/kriik.al\/home\/wp-json\/wp\/v2\/types\/page"}],"author":[{"embeddable":true,"href":"https:\/\/kriik.al\/home\/wp-json\/wp\/v2\/users\/4"}],"replies":[{"embeddable":true,"href":"https:\/\/kriik.al\/home\/wp-json\/wp\/v2\/comments?post=817"}],"version-history":[{"count":6,"href":"https:\/\/kriik.al\/home\/wp-json\/wp\/v2\/pages\/817\/revisions"}],"predecessor-version":[{"id":2470,"href":"https:\/\/kriik.al\/home\/wp-json\/wp\/v2\/pages\/817\/revisions\/2470"}],"wp:attachment":[{"href":"https:\/\/kriik.al\/home\/wp-json\/wp\/v2\/media?parent=817"}],"curies":[{"name":"wp","href":"https:\/\/api.w.org\/{rel}","templated":true}]}}