{"id":806,"date":"2021-04-25T00:26:34","date_gmt":"2021-04-24T22:26:34","guid":{"rendered":"https:\/\/kriik.al\/home\/?page_id=806"},"modified":"2021-04-25T00:27:14","modified_gmt":"2021-04-24T22:27:14","slug":"levizja-per-zhvillimin-e-turizmit","status":"publish","type":"page","link":"https:\/\/kriik.al\/home\/levizja-per-zhvillimin-e-turizmit\/","title":{"rendered":"L\u00ebvizja p\u00ebr Zhvillimin e Turizmit"},"content":{"rendered":"\n<div class=\"wp-block-image\"><figure class=\"aligncenter size-large is-resized\"><img loading=\"lazy\" decoding=\"async\" src=\"https:\/\/kriik.al\/home\/wp-content\/uploads\/2021\/04\/10_Levizja-per-Zhvillimin-e-Turizmit.jpg\" alt=\"\" class=\"wp-image-807\" width=\"124\" height=\"141\"\/><\/figure><\/div>\n\n\n\n<hr class=\"wp-block-separator\"\/>\n\n\n\n<h3 class=\"wp-block-heading\"><strong>P\u00ebrshkrimi<\/strong><\/h3>\n\n\n\n<p><em><strong> Misioni<\/strong><\/em><\/p>\n\n\n\n<p>T\u00eb kontriboj\u00eb p\u00ebr nj\u00eb turiz\u00ebm t\u00eb q\u00ebndruesh\u00ebm n\u00eb territorin e Sarand\u00ebs, Ksamilit dhe Konispolit n\u00ebp\u00ebrmjet rritjes s\u00eb kapaciteteve, promovimit t\u00eb pasurive natyrore dhe avokimit n\u00eb mbrojtje t\u00eb mjedisit p\u00ebr t\u00eb rritur nivelin e jetes\u00ebs n\u00eb komunitet.<\/p>\n\n\n\n<p><strong><em>Fusha e Veprimit<\/em><\/strong><\/p>\n\n\n\n<ul class=\"wp-block-list\"><li>Turizmi<\/li><li>Avokimi<\/li><li>Rritja e kapaciteteve <\/li><li>Qeverisja e mir\u00eb <\/li><li>T\u00eb rinjt\u00eb<\/li><\/ul>\n\n\n\n<p><em><strong>Rajoni gjeografik ku vepron<\/strong><\/em><\/p>\n\n\n\n<p>Sarand\u00eb, Ksamil, Konispol<\/p>\n\n\n\n<div style=\"height:32px\" aria-hidden=\"true\" class=\"wp-block-spacer\"><\/div>\n\n\n\n<h3 class=\"wp-block-heading\"><strong>Kontakt<\/strong><\/h3>\n\n\n\n<figure class=\"wp-block-table is-style-stripes\"><table class=\"has-subtle-light-gray-background-color has-background\"><tbody><tr><td> P\u00ebrfaq\u00ebsuesi ligjor i organizat\u00ebs,\u00a0Soraldo Nebo<\/td><\/tr><tr><td><\/td><\/tr><tr><td> E-mail: <a href=\"mailto:lrd.albania@gmail.com\"><\/a><a rel=\"noreferrer noopener\" href=\"mailto:Ksamilojf@gmail.com\" target=\"_blank\">ksamilojf@gmail.com<\/a><\/td><\/tr><\/tbody><\/table><\/figure>\n\n\n\n<hr class=\"wp-block-separator\"\/>\n","protected":false},"excerpt":{"rendered":"<p>P\u00ebrshkrimi Misioni T\u00eb kontriboj\u00eb p\u00ebr nj\u00eb turiz\u00ebm t\u00eb q\u00ebndruesh\u00ebm n\u00eb territorin e Sarand\u00ebs, Ksamilit dhe Konispolit n\u00ebp\u00ebrmjet rritjes s\u00eb kapaciteteve, promovimit t\u00eb pasurive natyrore dhe avokimit n\u00eb mbrojtje t\u00eb mjedisit p\u00ebr t\u00eb rritur nivelin e jetes\u00ebs n\u00eb komunitet. Fusha e Veprimit Turizmi Avokimi Rritja e kapaciteteve Qeverisja e mir\u00eb T\u00eb rinjt\u00eb Rajoni gjeografik ku vepron&#8230;<\/p>\n","protected":false},"author":4,"featured_media":0,"parent":0,"menu_order":0,"comment_status":"closed","ping_status":"closed","template":"","meta":{"om_disable_all_campaigns":false,"_monsterinsights_skip_tracking":false,"_monsterinsights_sitenote_active":false,"_monsterinsights_sitenote_note":"","_monsterinsights_sitenote_category":0,"footnotes":""},"class_list":["post-806","page","type-page","status-publish","hentry"],"aioseo_notices":[],"_links":{"self":[{"href":"https:\/\/kriik.al\/home\/wp-json\/wp\/v2\/pages\/806","targetHints":{"allow":["GET"]}}],"collection":[{"href":"https:\/\/kriik.al\/home\/wp-json\/wp\/v2\/pages"}],"about":[{"href":"https:\/\/kriik.al\/home\/wp-json\/wp\/v2\/types\/page"}],"author":[{"embeddable":true,"href":"https:\/\/kriik.al\/home\/wp-json\/wp\/v2\/users\/4"}],"replies":[{"embeddable":true,"href":"https:\/\/kriik.al\/home\/wp-json\/wp\/v2\/comments?post=806"}],"version-history":[{"count":2,"href":"https:\/\/kriik.al\/home\/wp-json\/wp\/v2\/pages\/806\/revisions"}],"predecessor-version":[{"id":983,"href":"https:\/\/kriik.al\/home\/wp-json\/wp\/v2\/pages\/806\/revisions\/983"}],"wp:attachment":[{"href":"https:\/\/kriik.al\/home\/wp-json\/wp\/v2\/media?parent=806"}],"curies":[{"name":"wp","href":"https:\/\/api.w.org\/{rel}","templated":true}]}}