{"id":791,"date":"2021-04-25T00:08:15","date_gmt":"2021-04-24T22:08:15","guid":{"rendered":"https:\/\/kriik.al\/home\/?page_id=791"},"modified":"2023-07-12T20:37:32","modified_gmt":"2023-07-12T18:37:32","slug":"grupi-lokal-i-veprimit-integrimi","status":"publish","type":"page","link":"https:\/\/kriik.al\/home\/grupi-lokal-i-veprimit-integrimi\/","title":{"rendered":"Grupi Lokal i Veprimit Integrimi"},"content":{"rendered":"\n<div class=\"wp-block-image\"><figure class=\"aligncenter is-resized\"><img loading=\"lazy\" decoding=\"async\" src=\"https:\/\/kriik.al\/home\/wp-content\/uploads\/2021\/04\/8_GLV.jpg\" alt=\"\" class=\"wp-image-792\" width=\"166\" height=\"125\"\/><\/figure><\/div>\n\n\n\n<hr class=\"wp-block-separator\"\/>\n\n\n\n<h3 class=\"wp-block-heading\"><strong>P\u00ebrshkrimi<\/strong><\/h3>\n\n\n\n<p><em><strong> Q\u00ebllimi<\/strong><\/em><\/p>\n\n\n\n<p>T\u00eb kontribuoj\u00eb n\u00eb mbrojtjen e t\u00eb drejtave te njeriut, kryesisht p\u00ebr grat\u00eb dhe f\u00ebmij\u00ebt n\u00ebp\u00ebrmjet nd\u00ebrgjegj\u00ebsimit, zhvillimit t\u00eb kapaciteteve , nismave komunitare dhe advokimit\/ lobimit p\u00ebr t\u00eb siguruar nj\u00eb zhvillim social n\u00eb rajonin e Dibr\u00ebs.<\/p>\n\n\n\n<p><strong><em>Fusha e Veprimit<\/em><\/strong><\/p>\n\n\n\n<ul class=\"wp-block-list\"><li> &nbsp;Nd\u00ebrgjejg\u00ebsimi<\/li><li> &nbsp;Rritja e Kapaciteteve<\/li><li> &nbsp;Advokim \/ Lobim<\/li><\/ul>\n\n\n\n<div style=\"height:29px\" aria-hidden=\"true\" class=\"wp-block-spacer\"><\/div>\n\n\n\n<h3 class=\"wp-block-heading\"><strong>Kontakt<\/strong><\/h3>\n\n\n\n<p> P\u00ebrfaq\u00ebsuesi ligjor i organizat\u00ebs,&nbsp; Kimete Mazari, Drejtor Ekzekutiv <\/p>\n\n\n\n<p> E-mail: <a href=\"mailto:integrimi2016@yahoo.com\">integrimi2016@yahoo.com<\/a>   <\/p>\n\n\n\n<hr class=\"wp-block-separator\"\/>\n","protected":false},"excerpt":{"rendered":"<p>P\u00ebrshkrimi Q\u00ebllimi T\u00eb kontribuoj\u00eb n\u00eb mbrojtjen e t\u00eb drejtave te njeriut, kryesisht p\u00ebr grat\u00eb dhe f\u00ebmij\u00ebt n\u00ebp\u00ebrmjet nd\u00ebrgjegj\u00ebsimit, zhvillimit t\u00eb kapaciteteve , nismave komunitare dhe advokimit\/ lobimit p\u00ebr t\u00eb siguruar nj\u00eb zhvillim social n\u00eb rajonin e Dibr\u00ebs. Fusha e Veprimit &nbsp;Nd\u00ebrgjejg\u00ebsimi &nbsp;Rritja e Kapaciteteve &nbsp;Advokim \/ Lobim Kontakt P\u00ebrfaq\u00ebsuesi ligjor i organizat\u00ebs,&nbsp; Kimete Mazari, Drejtor&#8230;<\/p>\n","protected":false},"author":3,"featured_media":0,"parent":0,"menu_order":0,"comment_status":"closed","ping_status":"closed","template":"","meta":{"om_disable_all_campaigns":false,"_monsterinsights_skip_tracking":false,"_monsterinsights_sitenote_active":false,"_monsterinsights_sitenote_note":"","_monsterinsights_sitenote_category":0,"footnotes":""},"class_list":["post-791","page","type-page","status-publish","hentry"],"aioseo_notices":[],"_links":{"self":[{"href":"https:\/\/kriik.al\/home\/wp-json\/wp\/v2\/pages\/791","targetHints":{"allow":["GET"]}}],"collection":[{"href":"https:\/\/kriik.al\/home\/wp-json\/wp\/v2\/pages"}],"about":[{"href":"https:\/\/kriik.al\/home\/wp-json\/wp\/v2\/types\/page"}],"author":[{"embeddable":true,"href":"https:\/\/kriik.al\/home\/wp-json\/wp\/v2\/users\/3"}],"replies":[{"embeddable":true,"href":"https:\/\/kriik.al\/home\/wp-json\/wp\/v2\/comments?post=791"}],"version-history":[{"count":5,"href":"https:\/\/kriik.al\/home\/wp-json\/wp\/v2\/pages\/791\/revisions"}],"predecessor-version":[{"id":2468,"href":"https:\/\/kriik.al\/home\/wp-json\/wp\/v2\/pages\/791\/revisions\/2468"}],"wp:attachment":[{"href":"https:\/\/kriik.al\/home\/wp-json\/wp\/v2\/media?parent=791"}],"curies":[{"name":"wp","href":"https:\/\/api.w.org\/{rel}","templated":true}]}}