{"id":781,"date":"2021-04-24T17:55:44","date_gmt":"2021-04-24T15:55:44","guid":{"rendered":"https:\/\/kriik.al\/home\/?page_id=781"},"modified":"2023-07-08T15:08:44","modified_gmt":"2023-07-08T13:08:44","slug":"forumi-i-gruas-elbasan","status":"publish","type":"page","link":"https:\/\/kriik.al\/home\/forumi-i-gruas-elbasan\/","title":{"rendered":"Forumi i Gruas Elbasan"},"content":{"rendered":"\n<div class=\"wp-block-image\"><figure class=\"aligncenter is-resized\"><img loading=\"lazy\" decoding=\"async\" src=\"https:\/\/kriik.al\/home\/wp-content\/uploads\/2021\/04\/5_Forumi-Gruas-Elbasan.jpg\" alt=\"\" class=\"wp-image-782\" width=\"219\" height=\"142\" srcset=\"https:\/\/kriik.al\/home\/wp-content\/uploads\/2021\/04\/5_Forumi-Gruas-Elbasan.jpg 309w, https:\/\/kriik.al\/home\/wp-content\/uploads\/2021\/04\/5_Forumi-Gruas-Elbasan-300x195.jpg 300w\" sizes=\"auto, (max-width: 219px) 100vw, 219px\" \/><\/figure><\/div>\n\n\n\n<hr class=\"wp-block-separator\"\/>\n\n\n\n<h3 class=\"wp-block-heading\"><strong>P\u00ebrshkrimi<\/strong><\/h3>\n\n\n\n<p>FGE prej 21 vitesh kryen tre sherbime konkrete per viktimat e dhunes ne familje dhe dhunes me baze gjinore. Organizon fushata ndergjegjesimi te fuqishme per te ndryshuar sjelljet ne komunitet per te drejta te barabarta etj. Nderton kapacitetet tek profesionistet lokale per identifikimin, pritjen, orientimin e te mbijetuarave te dhunes ne familje dhe DHBGJ.<\/p>\n\n\n\n<h5 class=\"wp-block-heading\"><em>Misioni<\/em><\/h5>\n\n\n\n<ul class=\"wp-block-list\"><li>Mbrojtja e t\u00eb drejtave t\u00eb grave, p\u00ebrfaq\u00ebsimi i tyre ligjor p\u00ebrpara organeve t\u00eb drejtesis\u00eb, ngritja e studios avokatore p\u00ebr ofrimin e asistenc\u00ebs juridike dhe p\u00ebrfaq\u00ebsimit ligjor t\u00eb grave dhe vajzave.<\/li><li>Rritja e vet\u00ebdijes s\u00eb tyre p\u00ebr rolin dhe t\u00eb drejtat q\u00eb kan\u00eb n\u00eb shoq\u00ebri dhe familje n\u00ebp\u00ebrmjet fushatave sensibilizuese.<\/li><li>Kund\u00ebrshtimi i t\u00eb gjitha formave t\u00eb dhun\u00ebs t\u00eb ushtruara mbi to, hapja e q\u00ebndrave t\u00eb k\u00ebshillimit p\u00ebr grat\u00eb dhe vajzat e dhunuara.<\/li><li>Mbrojtja e jet\u00ebs s\u00eb gruas nga dhuna ekstreme dhe ngritja e qendrave t\u00eb strehimit t\u00eb perkohsh\u00ebm te tyre.<\/li><li>Edukimi dhe mbrojtja e t\u00eb drejt\u00ebs s\u00eb riprodhimit, sh\u00ebndetit t\u00eb n\u00ebn\u00ebs dhe f\u00ebmij\u00ebs dhe planifikimi familjar.<\/li><li>Nxitja dhe p\u00ebrfshirja e grave n\u00eb ekonomin\u00eb e tregut n\u00ebp\u00ebrmjet inkurajimit dhe krijimit t\u00eb shoq\u00ebrive t\u00eb ndryshme t\u00eb grave me mjetet e tyre apo n\u00ebp\u00ebrmjet fondeve t\u00eb dhuruara shoqat\u00ebs dhe fondeve t\u00eb projektit.<\/li><\/ul>\n\n\n\n<h5 class=\"wp-block-heading\"><em>Vizioni<\/em><\/h5>\n\n\n\n<p>Mbrojtja, garantimi dhe promovimi i gruas n\u00eb jet\u00ebn shoq\u00ebrore.<\/p>\n\n\n\n<div style=\"height:21px\" aria-hidden=\"true\" class=\"wp-block-spacer\"><\/div>\n\n\n\n<h3 class=\"wp-block-heading\"><strong>Kontakt<\/strong><\/h3>\n\n\n\n<p>P\u00ebrfaq\u00ebsuesi ligjor i organizat\u00ebs,\u00a0 Shpresa Banja<\/p>\n\n\n\n<p> E-mail: <a href=\"mailto:forumigruaselbasan1991@gmail.com\">forumigruaselbasan1991@gmail.com\u00a0<\/a> <\/p>\n","protected":false},"excerpt":{"rendered":"<p>P\u00ebrshkrimi FGE prej 21 vitesh kryen tre sherbime konkrete per viktimat e dhunes ne familje dhe dhunes me baze gjinore. Organizon fushata ndergjegjesimi te fuqishme per te ndryshuar sjelljet ne komunitet per te drejta te barabarta etj. Nderton kapacitetet tek profesionistet lokale per identifikimin, pritjen, orientimin e te mbijetuarave te dhunes ne familje dhe DHBGJ&#8230;.<\/p>\n","protected":false},"author":3,"featured_media":0,"parent":0,"menu_order":0,"comment_status":"closed","ping_status":"closed","template":"","meta":{"om_disable_all_campaigns":false,"_monsterinsights_skip_tracking":false,"_monsterinsights_sitenote_active":false,"_monsterinsights_sitenote_note":"","_monsterinsights_sitenote_category":0,"footnotes":""},"class_list":["post-781","page","type-page","status-publish","hentry"],"aioseo_notices":[],"_links":{"self":[{"href":"https:\/\/kriik.al\/home\/wp-json\/wp\/v2\/pages\/781","targetHints":{"allow":["GET"]}}],"collection":[{"href":"https:\/\/kriik.al\/home\/wp-json\/wp\/v2\/pages"}],"about":[{"href":"https:\/\/kriik.al\/home\/wp-json\/wp\/v2\/types\/page"}],"author":[{"embeddable":true,"href":"https:\/\/kriik.al\/home\/wp-json\/wp\/v2\/users\/3"}],"replies":[{"embeddable":true,"href":"https:\/\/kriik.al\/home\/wp-json\/wp\/v2\/comments?post=781"}],"version-history":[{"count":4,"href":"https:\/\/kriik.al\/home\/wp-json\/wp\/v2\/pages\/781\/revisions"}],"predecessor-version":[{"id":2440,"href":"https:\/\/kriik.al\/home\/wp-json\/wp\/v2\/pages\/781\/revisions\/2440"}],"wp:attachment":[{"href":"https:\/\/kriik.al\/home\/wp-json\/wp\/v2\/media?parent=781"}],"curies":[{"name":"wp","href":"https:\/\/api.w.org\/{rel}","templated":true}]}}