{"id":3207,"date":"2025-04-29T14:08:25","date_gmt":"2025-04-29T12:08:25","guid":{"rendered":"https:\/\/kriik.al\/home\/?page_id=3207"},"modified":"2025-06-11T13:51:09","modified_gmt":"2025-06-11T11:51:09","slug":"2025-mbulimi-mediatik-i-subjekteve-zgjedhore-gjate-fushates","status":"publish","type":"page","link":"https:\/\/kriik.al\/home\/2025-mbulimi-mediatik-i-subjekteve-zgjedhore-gjate-fushates\/","title":{"rendered":"2025 Mbulimi mediatik i subjekteve zgjedhore gjat\u00eb fushat\u00ebs"},"content":{"rendered":"\n<p class=\"has-small-font-size\">M\u00eb posht\u00eb do t\u00eb gjeni nj\u00eb paraqitje grafike t\u00eb mbulimit t\u00eb subjekteve zgjedhore gjat\u00eb fushat\u00ebs nga mediat audiovizive. <\/p>\n\n\n\n<p class=\"has-small-font-size\">T\u00eb dh\u00ebnat jan\u00eb paraqitur p\u00ebr te gjithe televizionet dhe radiot qe cilat Autoriteti i Medias Audiovizive (AMA) monitoroi p\u00ebrgjat\u00eb gjith\u00eb koh\u00ebzgjatjes s\u00eb fushat\u00ebs zgjedhore (11 prill \u2013 9 maj 2025).<\/p>\n\n\n\n<p class=\"has-small-font-size\">Kujdes: N\u00eb grafik\u00eb jan\u00eb t\u00eb p\u00ebrfshir\u00eb edhe mediat me mbulim gjeografik t\u00eb kufizuar (media lokale) apo radiot, por keto nuk kane domosdoshmerisht te dhena per te gjitha ditet e monitoruara pasi metodologjia e monitorimit te AMA-s eshte e tille. <\/p>\n\n\n\n<p class=\"has-small-font-size\"><em>T\u00eb dh\u00ebnat jan\u00eb t\u00eb paraqitura p\u00ebr t\u00eb gjith\u00eb mediat dhe subjektet zgjedhore. N\u00ebse d\u00ebshironi t\u00eb shihni t\u00eb dh\u00ebnat vet\u00ebm p\u00ebr nj\u00eb a m\u00eb shum\u00eb media, subjekte zgjedhore, apo kategori specifike t\u00eb mbulimit mediatik, p\u00ebrdorni filtrat m\u00eb posht\u00eb. <strong><a href=\"#kontekst_afat_raportimi\" title=\"\">Me shume kontekst<\/a><\/strong>.  <\/em><\/p>\n\n\n\n<iframe loading=\"lazy\" width=\"1200\" height=\"2050\" src=\"https:\/\/lookerstudio.google.com\/embed\/reporting\/019ef164-c6c5-4580-bc52-a58b5a00bc17\/page\/p_sp8qrn71zc\" frameborder=\"0\" style=\"border:0\" allowfullscreen sandbox=\"allow-storage-access-by-user-activation allow-scripts allow-same-origin allow-popups allow-popups-to-escape-sandbox\"><\/iframe>\n\n\n\n<p id=\"kontekst_afat_raportimi\">Me shume kontekst<\/p>\n\n\n<span class=\"collapseomatic \" id=\"id69ebbaa585d9a\"  tabindex=\"0\" title=\"Pse \u00ebsht\u00eb e r\u00ebnd\u00ebsishme?\"    >Pse \u00ebsht\u00eb e r\u00ebnd\u00ebsishme?<\/span><div id=\"target-id69ebbaa585d9a\" class=\"collapseomatic_content \">\n\n\n\n<hr class=\"wp-block-separator has-css-opacity\"\/>\n\n\n\n<p style=\"font-size:14px\">Mbulimi mediatik \u00ebsht\u00eb thelb\u00ebsor gjat\u00eb fushat\u00ebs zgjedhore pasi garanton barazin\u00eb (ose munges\u00ebn e saj) n\u00eb gar\u00eb. Kuadri ligjor shqiptar e rregullon k\u00ebt\u00eb n\u00eb pik\u00ebn 3 t\u00eb nenit 1 t\u00eb <a href=\"https:\/\/qbz.gov.al\/preview\/635d44bd-96ee-4bc5-8d93-d928cf6f2abd\" target=\"_blank\" rel=\"noopener\" title=\"\">Kushtetut\u00ebs<\/a> (Qeverisja&nbsp; bazohet n\u00eb nj\u00eb sistem zgjedhjesh t\u00eb lira, t\u00eb barabarta, t\u00eb p\u00ebrgjithshme e periodike\u201d si dhe n\u00eb Pjes\u00ebn VI t\u00eb <a href=\"https:\/\/qbz.gov.al\/preview\/75122d2e-9ebc-45de-b0ea-b5efde2f6836\" target=\"_blank\" rel=\"noopener\" title=\"\">Kodit Zgjedhor<\/a> (Fushata Zgjedhore dhe Media).<\/p>\n\n\n\n<p style=\"font-size:14px\">Nd\u00ebrkoh\u00eb q\u00eb grafik\u00ebt m\u00eb sip\u00ebr paraqesin minutazhin e mbulimit p\u00ebr subjektet zgjedhore, kjo nuk jep nj\u00eb panoram\u00eb t\u00eb qart\u00eb t\u00eb barazis\u00eb n\u00eb gar\u00eb. Kjo p\u00ebr arsye pasi metodologjia e monitorimit t\u00eb AMA evidenton vet\u00ebm minutazhin e mbulimit, por pa dalluar n\u00ebse lloji i mbulimit \u00ebsht\u00eb neutral, pozitiv apo negative. P.sh. n\u00ebse nj\u00eb subjekt i caktuar mbulohet me minutazh shum\u00eb t\u00eb lart\u00eb, nd\u00ebrkoh\u00eb q\u00eb mbulimi \u00ebsht\u00eb n\u00eb shumic\u00ebn e koh\u00ebs negativ, at\u00ebher\u00eb kjo e d\u00ebmton barazin\u00eb n\u00eb gar\u00eb n\u00eb krahasim me nj\u00eb tjet\u00ebr subjekt i cili mund t\u00eb p\u00ebrfitoj\u00eb m\u00eb pak minuta, por q\u00eb \u00ebsht\u00eb pozitiv.<\/p>\n\n\n<\/div>\n\n\n\n<hr class=\"wp-block-separator has-css-opacity\"\/>\n\n\n<span class=\"collapseomatic \" id=\"id69ebbaa585f9f\"  tabindex=\"0\" title=\"Metodologjia\"    >Metodologjia<\/span><div id=\"target-id69ebbaa585f9f\" class=\"collapseomatic_content \">\n\n\n\n<hr class=\"wp-block-separator has-css-opacity\"\/>\n\n\n\n<p class=\"has-small-font-size\">T\u00eb dh\u00ebnat shkarkohen \u00e7do dit\u00eb nga raportet e AMA, t\u00eb publikuara n\u00eb faqen e internetit t\u00eb Komisionit Qendror t\u00eb Zgjedhjeve, nd\u00ebrfaqja \u201c<a href=\"https:\/\/kqz.gov.al\/raporte\/\" target=\"_blank\" rel=\"noopener\" title=\"\">Raporte<\/a>\u201d.<\/p>\n\n\n\n<p class=\"has-small-font-size\">T\u00eb dh\u00ebnat freskohen, si rregull \u00e7do dit\u00eb.<\/p>\n\n\n<\/div>\n\n\n\n<hr class=\"wp-block-separator has-css-opacity\"\/>\n","protected":false},"excerpt":{"rendered":"<p>M\u00eb posht\u00eb do t\u00eb gjeni nj\u00eb paraqitje grafike t\u00eb mbulimit t\u00eb subjekteve zgjedhore gjat\u00eb fushat\u00ebs nga mediat audiovizive. T\u00eb dh\u00ebnat jan\u00eb paraqitur p\u00ebr te gjithe televizionet dhe radiot qe cilat Autoriteti i Medias Audiovizive (AMA) monitoroi p\u00ebrgjat\u00eb gjith\u00eb koh\u00ebzgjatjes s\u00eb fushat\u00ebs zgjedhore (11 prill \u2013 9 maj 2025). Kujdes: N\u00eb grafik\u00eb jan\u00eb t\u00eb p\u00ebrfshir\u00eb edhe&#8230;<\/p>\n","protected":false},"author":3,"featured_media":0,"parent":0,"menu_order":0,"comment_status":"closed","ping_status":"closed","template":"template-page-builder-no-sidebar.php","meta":{"om_disable_all_campaigns":false,"_monsterinsights_skip_tracking":false,"_monsterinsights_sitenote_active":false,"_monsterinsights_sitenote_note":"","_monsterinsights_sitenote_category":0,"footnotes":""},"class_list":["post-3207","page","type-page","status-publish","hentry"],"aioseo_notices":[],"_links":{"self":[{"href":"https:\/\/kriik.al\/home\/wp-json\/wp\/v2\/pages\/3207","targetHints":{"allow":["GET"]}}],"collection":[{"href":"https:\/\/kriik.al\/home\/wp-json\/wp\/v2\/pages"}],"about":[{"href":"https:\/\/kriik.al\/home\/wp-json\/wp\/v2\/types\/page"}],"author":[{"embeddable":true,"href":"https:\/\/kriik.al\/home\/wp-json\/wp\/v2\/users\/3"}],"replies":[{"embeddable":true,"href":"https:\/\/kriik.al\/home\/wp-json\/wp\/v2\/comments?post=3207"}],"version-history":[{"count":5,"href":"https:\/\/kriik.al\/home\/wp-json\/wp\/v2\/pages\/3207\/revisions"}],"predecessor-version":[{"id":3313,"href":"https:\/\/kriik.al\/home\/wp-json\/wp\/v2\/pages\/3207\/revisions\/3313"}],"wp:attachment":[{"href":"https:\/\/kriik.al\/home\/wp-json\/wp\/v2\/media?parent=3207"}],"curies":[{"name":"wp","href":"https:\/\/api.w.org\/{rel}","templated":true}]}}