{"id":1920,"date":"2023-03-05T17:14:03","date_gmt":"2023-03-05T16:14:03","guid":{"rendered":"https:\/\/kriik.al\/home\/?page_id=1920"},"modified":"2023-03-06T10:54:11","modified_gmt":"2023-03-06T09:54:11","slug":"raportimi-i-aktiviteteve-prej-institucioneve-publike","status":"publish","type":"page","link":"https:\/\/kriik.al\/home\/raportimi-i-aktiviteteve-prej-institucioneve-publike\/","title":{"rendered":"Raportimi i aktiviteteve prej institucioneve publike"},"content":{"rendered":"\n<p class=\"has-small-font-size\">M\u00eb posht\u00eb do t\u00eb gjeni nj\u00eb paraqitje grafike t\u00eb respektimit t\u00eb detyrimit ligjor p\u00ebr raportimin e aktiviteteve t\u00eb institucioneve publike, p\u00ebrgjat\u00eb periudh\u00ebs kat\u00ebr muaj nga data e zgjedhjeve (13 janar 2023).<\/p>\n\n\n\n<p class=\"has-small-font-size\"><em><strong>T\u00eb dh\u00ebnat jan\u00eb per aktivitetet e paraportuara nuk jane te plota, pasi bazohen ne monitorim jo sistematik te faqeve te internetit apo faqeve ne mediat sociale te institucioneve qe mbartin detyrimin per te raportuar. Duke qene se monitorimi eshte jo sistematik dhe vetem online, numri i aktiviteteve te paraportuara eshte me i larte sesa paraqitet ketu<\/strong><\/em><\/p>\n\n\n\n<p class=\"has-small-font-size\"><em>Nese deshironi te shihni te dhenat per nje a me shume institucione specifike, p\u00ebrzgjidhni institucionin\/et n\u00eb kutin\u00eb m\u00eb posht\u00eb dhe t\u00eb dh\u00ebnat do t\u00eb filtrohen vet\u00ebm p\u00ebr at\u00eb \/ato institucion. <strong><a href=\"#kontekst_afat_raportimi\" title=\"\">Me shume kontekst<\/a><\/strong>. <\/em><\/p>\n\n\n\n<iframe loading=\"lazy\" width=\"1200\" height=\"1000\" src=\"https:\/\/lookerstudio.google.com\/embed\/reporting\/4470f123-4ecf-4434-89f4-09613dba60ae\/page\/8HjCD\" frameborder=\"0\" style=\"border:0\" allowfullscreen=\"\"><\/iframe>\n\n\n\n<p id=\"kontekst_afat_raportimi\">Me shume kontekst<\/p>\n\n\n<span class=\"collapseomatic \" id=\"id6a0082e5a63f3\"  tabindex=\"0\" title=\"Pse \u00ebsht\u00eb e r\u00ebnd\u00ebsishme?\"    >Pse \u00ebsht\u00eb e r\u00ebnd\u00ebsishme?<\/span><div id=\"target-id6a0082e5a63f3\" class=\"collapseomatic_content \">\n\n\n\n<hr class=\"wp-block-separator\"\/>\n\n\n\n<p style=\"font-size:14px\">Sikurse KRIIK ka b\u00ebr\u00eb publike n\u00eb <a href=\"https:\/\/kriik.al\/home\/2023\/01\/14\/rekomandime-lidhur-me-nderfaqen-e-raportimeve-te-veprimtarive-me-karakter-publik-te-institucioneve-publike-agjencive-dhe-ose-ndermarrjeve-shteterore-te-ngritur-prej-kqz-se\/\">Dokumentin \u201cREKOMANDIME<\/a> lidhur me nd\u00ebrfaqen e raportimeve t\u00eb veprimtarive me karakter publik t\u00eb institucioneve publike, agjencive dhe\/ose nd\u00ebrmarrjeve shtet\u00ebrore t\u00eb ngritur prej KQZ-s\u00eb\u201d t\u00eb d\u00ebrguar n\u00ebp\u00ebrmjet e-mailit m\u00eb dat\u00ebn 14 janar 2023 dhe n\u00eb <a href=\"https:\/\/kriik.al\/home\/wp-content\/uploads\/2023\/01\/KRIIK-1.pdf\">Dokumentin \u201cQ\u00cbNDRIM PUBLIK<\/a> \u2013 Mos shp\u00ebrdorimi i burimeve shtet\u00ebrore si dhe sjellja korrekte dhe e paanshme &nbsp;e n\u00ebpun\u00ebsit t\u00eb administrat\u00ebs publike, thelb\u00ebsor\u00eb p\u00ebr sigurimin e vullnetit t\u00eb pac\u00ebnuar t\u00eb qytetarit n\u00eb ushtrimin e s\u00eb drejt\u00ebs s\u00eb vot\u00ebs\u201d t\u00eb publikuar m\u00eb dat\u00eb 16 janar 2023, <strong>nd\u00ebrfaqja e raportimeve p\u00ebrb\u00ebn elementin ky\u00e7 p\u00ebr zbatimin ose jo t\u00eb kuadrit ligjor<\/strong> p\u00ebr raportimin e veprimtarive t\u00eb institucioneve publike dhe monitorimin e tyre. T\u00ebr\u00eb kjo n\u00eb p\u00ebrmbushje t\u00eb synimit madhor p\u00ebr ndalimin e krijimit t\u00eb avantazhit elektoral nga partia politike n\u00eb pushtet.<\/p>\n\n\n\n<p style=\"font-size:14px\">Mosraportimi i aktiviteteve perben shkelje te kuadrit ligjore dhe KRIIK evidenton aktivitetet e paraportuara bazuar ne nje monitorim jo sistematik te faqeve te internetit apo ne mediat sociale te institucioneve publike.<\/p>\n\n\n<\/div>\n\n\n\n<hr class=\"wp-block-separator\"\/>\n\n\n<span class=\"collapseomatic \" id=\"id6a0082e5a662c\"  tabindex=\"0\" title=\"Metodologjia\"    >Metodologjia<\/span><div id=\"target-id6a0082e5a662c\" class=\"collapseomatic_content \">\n\n\n\n<hr class=\"wp-block-separator\"\/>\n\n\n\n<p class=\"has-small-font-size\">T\u00eb dh\u00ebnat per aktivitetet e raportuara shkarkohen n\u00eb m\u00ebnyr\u00eb automatike nga faqja zyrtare e Komisionit Qendror t\u00eb Zgjedhjeve, nd\u00ebrfaqja \u201c<a href=\"https:\/\/aktivitete.kqz.gov.al\/category\/aktivitetet-e-raportuara\/\" title=\"\">Aktivitetet e raportuara<\/a>\u201d. N\u00eb rast se institucionet raportojn\u00eb n\u00eb t\u00eb tjera m\u00ebnyra dhe raportimet e tyre nuk gjenden n\u00eb nd\u00ebrfaqe, KRIIK nuk mund t\u2019i aksesoj\u00eb dhe, si rrjedhim, nuk i p\u00ebrfshin ato n\u00eb t\u00eb dh\u00ebnat m\u00eb posht\u00eb.<\/p>\n\n\n\n<p class=\"has-small-font-size\">T\u00eb dh\u00ebnat ne lidhje me aktivitete te paraportuara evdientohen nepermjet monitorimit jo sistematik te faqeve te internetit, apo faqeve ne mediat sociale te institucioneve<\/p>\n\n\n\n<p class=\"has-small-font-size\">Te dhenat freskohen, si rregull \u00e7do jav\u00eb.<\/p>\n\n\n<\/div>\n\n\n\n<hr class=\"wp-block-separator\"\/>\n","protected":false},"excerpt":{"rendered":"<p>M\u00eb posht\u00eb do t\u00eb gjeni nj\u00eb paraqitje grafike t\u00eb respektimit t\u00eb detyrimit ligjor p\u00ebr raportimin e aktiviteteve t\u00eb institucioneve publike, p\u00ebrgjat\u00eb periudh\u00ebs kat\u00ebr muaj nga data e zgjedhjeve (13 janar 2023). T\u00eb dh\u00ebnat jan\u00eb per aktivitetet e paraportuara nuk jane te plota, pasi bazohen ne monitorim jo sistematik te faqeve te internetit apo faqeve ne&#8230;<\/p>\n","protected":false},"author":4,"featured_media":0,"parent":0,"menu_order":0,"comment_status":"closed","ping_status":"closed","template":"template-page-builder-no-sidebar.php","meta":{"om_disable_all_campaigns":false,"_monsterinsights_skip_tracking":false,"_monsterinsights_sitenote_active":false,"_monsterinsights_sitenote_note":"","_monsterinsights_sitenote_category":0,"footnotes":""},"class_list":["post-1920","page","type-page","status-publish","hentry"],"aioseo_notices":[],"_links":{"self":[{"href":"https:\/\/kriik.al\/home\/wp-json\/wp\/v2\/pages\/1920","targetHints":{"allow":["GET"]}}],"collection":[{"href":"https:\/\/kriik.al\/home\/wp-json\/wp\/v2\/pages"}],"about":[{"href":"https:\/\/kriik.al\/home\/wp-json\/wp\/v2\/types\/page"}],"author":[{"embeddable":true,"href":"https:\/\/kriik.al\/home\/wp-json\/wp\/v2\/users\/4"}],"replies":[{"embeddable":true,"href":"https:\/\/kriik.al\/home\/wp-json\/wp\/v2\/comments?post=1920"}],"version-history":[{"count":2,"href":"https:\/\/kriik.al\/home\/wp-json\/wp\/v2\/pages\/1920\/revisions"}],"predecessor-version":[{"id":1925,"href":"https:\/\/kriik.al\/home\/wp-json\/wp\/v2\/pages\/1920\/revisions\/1925"}],"wp:attachment":[{"href":"https:\/\/kriik.al\/home\/wp-json\/wp\/v2\/media?parent=1920"}],"curies":[{"name":"wp","href":"https:\/\/api.w.org\/{rel}","templated":true}]}}