{"id":1747,"date":"2023-01-31T20:59:56","date_gmt":"2023-01-31T19:59:56","guid":{"rendered":"https:\/\/kriik.al\/home\/?page_id=1747"},"modified":"2024-12-06T14:56:35","modified_gmt":"2024-12-06T13:56:35","slug":"zgjedhje-2023","status":"publish","type":"page","link":"https:\/\/kriik.al\/home\/zgjedhje-2023\/","title":{"rendered":"Aksioni i V\u00ebzhgimit p\u00ebr Zgjedhjet p\u00ebr Organet e Qeverisjes Vendore t\u00eb 14 majit 2023"},"content":{"rendered":"\n<hr class=\"wp-block-separator has-css-opacity\"\/>\n\n\n\n<p>KRIIK nisi ta monitoroj\u00eb n\u00eb t\u00ebr\u00ebsi procesin e Zgjedhjeve p\u00ebr Organet e Qeverisjes Vendore t\u00eb 14 majit 2023 q\u00eb prej momentit t\u00eb shpalljes s\u00eb dat\u00ebs s\u00eb zgjedhjeve nga Presidenti i Republik\u00ebs, m\u00eb 24 tetor 2022.\u00a0\u00a0<\/p>\n\n\n\n<p>Bazuar n\u00eb eksperienc\u00ebn e v\u00ebzhgimit t\u00eb Zgjedhjeve p\u00ebr Kuvendin e Shqip\u00ebris\u00eb t\u00eb vitit 2021 dhe t\u00eb Zgjedhjeve t\u00eb Pjesshme p\u00ebr Kryetar\u00eb t\u00eb 6 Bashkive n\u00eb 2022, KRIIK e fokusoi angazhimin e vet gjat\u00eb procesit p\u00ebr Zgjedhjet Lokale t\u00eb 14 majit 2023 n\u00eb komunikimin institucional me institucionet q\u00eb luajn\u00eb rol n\u00eb procesin zgjedhor, me fokus t\u00eb ve\u00e7ant\u00eb n\u00eb institucionin kryesor, Komisionin Qendror t\u00eb Zgjedhjeve (KQZ).&nbsp;&nbsp;<\/p>\n\n\n\n<p>Kjo qasje \u00ebsht\u00eb n\u00eb linj\u00eb edhe me q\u00ebndrimin e KRIIK prej vitit 2012, p\u00ebr ndjekjen e plot\u00eb dhe n\u00eb m\u00ebnyr\u00eb t\u00eb pand\u00ebrprer\u00eb t\u00eb t\u00eb gjith\u00eb aktivitetit t\u00eb KQZ-s\u00eb dhe komunikimit t\u00eb vazhduesh\u00ebm me t\u00eb, jo vet\u00ebm gjat\u00eb periudhave zgjedhore, por gjat\u00eb gjith\u00eb koh\u00ebs, me synim kryesor nxitjen dhe dh\u00ebnien e nj\u00eb kontributi t\u00eb vazhduesh\u00ebm p\u00ebr sh\u00ebndoshjen dhe konsolidimin e praktik\u00ebs dhe p\u00ebrvoj\u00ebs s\u00eb k\u00ebtij institucioni n\u00eb mbulimin me p\u00ebrgjegjshm\u00ebri dhe paanshm\u00ebri t\u00eb detyrave t\u00eb shumta q\u00eb Kodi Zgjedhor i ngarkon p\u00ebr garantimin e integritetit t\u00eb zgjedhjeve.&nbsp;&nbsp;<\/p>\n\n\n\n<p>Ushtrimi i p\u00ebrgjegj\u00ebsive dhe kompetencave t\u00eb dh\u00ebna nga ligji m\u00eb p\u00ebrgjegjshm\u00ebri dhe paan\u00ebsi t\u00eb plot\u00eb, duke zhb\u00ebr\u00eb influencat e forta politike q\u00eb ushtrohen e shtrihen nga trupat drejtuese e deri n\u00eb nivelet e ul\u00ebta t\u00eb administrat\u00ebs s\u00eb tij, do ta legjitimojn\u00eb dhe shnd\u00ebrrojn\u00eb KQZ-n\u00eb n\u00eb nj\u00eb institucion v\u00ebrtet t\u00eb pavarur dhe t\u00eb pa kontestuar n\u00eb vendimmarrjen e tij, i cili do t\u00eb afektoj\u00eb dhe nxis\u00eb m\u00eb pas, k\u00ebt\u00eb klim\u00eb dhe sjellje ligjore n\u00eb institucionet e tjera t\u00eb pavarura, e madje edhe n\u00eb t\u00ebr\u00eb administrat\u00ebn publike.&nbsp;<\/p>\n\n\n\n<p>Duke besuar fort n\u00eb k\u00ebt\u00eb qasje, si dhe nisur nga burimet e kufizuara n\u00eb dispozicion p\u00ebr k\u00ebto zgjedhje, KRIIK nd\u00ebrtoi nj\u00eb metodologji operimi t\u00eb ngusht\u00eb me KQZ-n\u00eb duke u fokusuar:&nbsp;&nbsp;<\/p>\n\n\n\n<ul class=\"wp-block-list\">\n<li><em>s\u00eb pari,<\/em> n\u00eb rekomandime konkrete t\u00eb dala nga p\u00ebrvoja shum\u00ebvje\u00e7are e v\u00ebzhgimit t\u00eb pand\u00ebrprer\u00eb p\u00ebr p\u00ebrmir\u00ebsimin e kuadrit rregullator aktual prej KQZ-s\u00eb bazuar n\u00eb kuadrin ligjor n\u00eb fuqi; dhe&nbsp;<\/li>\n<\/ul>\n\n\n\n<ul class=\"wp-block-list\">\n<li><em>s\u00eb dyti,<\/em> n\u00eb nxitjen, fuqizimin dhe konsolidimin e mekanizmave t\u00eb brendsh\u00ebm institucional\u00eb t\u00eb KQZ-s\u00eb q\u00eb adresojn\u00eb drejtp\u00ebrdrejt\u00eb kontrollin dhe ligjshm\u00ebrin\u00eb e sjelljes prej partive politike, kandidat\u00ebve t\u00eb tyre, si dhe institucioneve shtet\u00ebrore, qendror\u00eb apo lokale, t\u00eb administruara politikisht dhe totalisht prej maxhoranc\u00ebs aktuale.&nbsp;&nbsp;<\/li>\n<\/ul>\n\n\n\n<p>Konkretisht, KRIIK u fokusua n\u00eb fuqizimin e mekanizmave m\u00eb sfidues, por nj\u00ebkoh\u00ebsisht edhe shum\u00eb dometh\u00ebn\u00ebs p\u00ebr prevalimin e zbatimit t\u00eb ligjit, sikurse \u00ebsht\u00eb ai p\u00ebr parandalimin e shp\u00ebrdorimit t\u00eb burimeve shtet\u00ebrore si dhe t\u00eb b\u00ebrjes transparenc\u00eb, verifikuar e kontrolluar financimet e p\u00ebrdorura.&nbsp;<\/p>\n\n\n\n<p>Ndryshe nga praktikat e m\u00ebparshme, nisur nga konteksti politik dhe efektiviteti i qasjes konstruktive t\u00eb aksionit t\u00eb monitorimit, KRIIK ka publikuar gjer\u00ebsisht p\u00ebrgjat\u00eb periudh\u00ebs parazgjedhore tre <a href=\"https:\/\/kriik.al\/home\/category\/zgjedhje23\/qendrime\/\" target=\"_blank\" rel=\"noopener\" title=\"\">Q\u00ebndrime Publike<\/a> t\u00eb konsideruara m\u00eb t\u00eb r\u00ebnd\u00ebsishmet n\u00eb lidhje me procesin zgjedhor, nd\u00ebrkoh\u00eb q\u00eb t\u00ebr\u00eb komunikimin intensiv institucional dhe t\u00eb punuarit ngusht\u00eb me Komisionin Qendror t\u00eb Zgjedhjeve p\u00ebr adresimin e problematikave t\u00eb lindura i ka b\u00ebr\u00eb publike n\u00eb <a href=\"https:\/\/kriik.al\/home\/category\/zgjedhje23\/\" target=\"_blank\" rel=\"noopener\" title=\"\">faqen e vet t\u00eb internetit<\/a>.<\/p>\n\n\n\n<p>&nbsp;&nbsp;&nbsp; Gjithashtu, po n\u00eb faqen e internetit t\u00eb KRIIK jan\u00eb b\u00ebr\u00eb publike n\u00eb form\u00eb grafike e tabelare t\u00eb dh\u00ebna t\u00eb p\u00ebrdit\u00ebsuara p\u00ebrgjat\u00eb procesit mbi:<\/p>\n\n\n\n<ul class=\"wp-block-list\">\n<li><a href=\"https:\/\/kriik.al\/home\/raportimi-i-aktiviteteve-prej-institucioneve-publike\/#kontekst_afat_raportimi\" target=\"_blank\" rel=\"noopener\" title=\"\">ecurin\u00eb e raportimit t\u00eb institucioneve shtet\u00ebrore n\u00eb KQZ mbi veprimtarit\u00eb publike t\u00eb kryera prej tyre<\/a>;<\/li>\n\n\n\n<li><a href=\"https:\/\/kriik.al\/home\/shpenzime-per-reklama-politike-ne-facebook-dhe-instagram\/\" target=\"_blank\" rel=\"noopener\" title=\"\">financimet e reklam\u00ebs politike n\u00eb platform\u00ebn \u201cMeta\u201d (Facebook e Instagram) prej aktor\u00ebve politik\u00eb<\/a>; si dhe<\/li>\n\n\n\n<li>pasqyrimin mediatik n\u00eb mediat audio-vizive t\u00eb <a href=\"https:\/\/kriik.al\/home\/mbulimi-mediatik-i-subjekteve-zgjedhore-gjate-fushates\/\" target=\"_blank\" rel=\"noopener\" title=\"\">subjekteve zgjedhore<\/a> dhe <a href=\"https:\/\/kriik.al\/home\/mbulimi-mediatik-i-kandidateve-ofiqareve-politike-apo-institcionale-gjate-fushates\/\" target=\"_blank\" rel=\"noopener\" title=\"\">eksponent\u00ebve politik\u00eb<\/a> p\u00ebrgjat\u00eb periudh\u00ebs zyrtare t\u00eb fushat\u00ebs zgjedhore.<\/li>\n<\/ul>\n\n\n\n<p>Dit\u00ebn p\u00ebrpara dit\u00ebs s\u00eb zgjedhjeve (dita n\u00eb t\u00eb cil\u00ebn shp\u00ebrndahen materialet zgjedhore) dhe dit\u00ebn e zgjedhjeve KRIIK angazhoi 71 v\u00ebzhgues afatshkurt\u00ebr t\u00eb cil\u00ebt vizituan n\u00eb m\u00ebnyr\u00eb jo sistematike Komisionet Zonale t\u00eb Administrimit Zgjedhor, v\u00ebzhguan aktivitetin e k\u00ebtyre t\u00eb fundit si dhe intervistuan an\u00ebtar\u00ebt e KZAZ-ve n\u00eb lidhje me zhvillimin e procesit. Gjithashtu ata vizituan nj\u00eb num\u00ebr t\u00eb kufizuar qendrash votimi p\u00ebrgjat\u00eb procesit t\u00eb votimit, duke u fokusuar n\u00eb situat\u00ebn rreth qendrave t\u00eb votimit, si dhe Vendet e Num\u00ebrimit t\u00eb Votave gjat\u00eb procesit t\u00eb num\u00ebrimit, m\u00eb t\u00eb nj\u00ebjt\u00ebn metodologji t\u00eb vizitave jo sistematike, duke v\u00ebzhguar procesin e num\u00ebrimit dhe mbledhur informacion nga an\u00ebtar\u00ebt e KZAZ-ve.<\/p>\n\n\n\n<p>M\u00eb 15 maj 2023, nj\u00eb dit\u00eb pas dit\u00ebs s\u00eb zgjedhjeve, KRIIK publikoi <a href=\"https:\/\/kriik.al\/home\/2023\/05\/15\/deklarata-e-gjetjeve-dhe-konkluzioneve-paraprake-15-maj-2023\/\" target=\"_blank\" rel=\"noreferrer noopener\">Deklarat\u00ebn e Gjetjeve dhe Konkluzioneve Paraprake<\/a> dhe nd\u00ebrkoh\u00eb q\u00eb po p\u00ebrfundonte num\u00ebrimi i votave Qendrimin Publik &#8220;<a href=\"https:\/\/kriik.al\/home\/2023\/05\/17\/aktoret-politike-nevojitet-te-marrin-pergjegjesi-mbi-cka-u-ofruan-qytetareve-shqiptare-ne-keto-zgjedhje-si-dhe-te-shprehin-qartazi-vullnetin-e-tyre-per-respektimin-e-ligjit-dhe-te-institucioneve\/\" target=\"_blank\" rel=\"noopener\" title=\"\">Aktor\u00ebt Politik\u00eb nevojitet t\u00eb marrin p\u00ebrgjegj\u00ebsi mbi \u00e7ka u ofruan Qytetar\u00ebve Shqiptar\u00eb n\u00eb k\u00ebto zgjedhje, si dhe t\u00eb shprehin qartazi vullnetin e tyre p\u00ebr respektimin e Ligjit dhe t\u00eb Institucioneve<\/a>&#8220;.<\/p>\n\n\n\n<p>KRIIK v\u00ebzhgoi procesin e ankesave dhe apelimeve, dhe publikoi n\u00eb lidhje me t\u00eb Qendrimin Publik &#8220;<a href=\"https:\/\/kriik.al\/home\/2023\/06\/02\/qasja-proaktive-e-komisionit-qendror-te-zgjedhjeve-ne-evidentimin-dhe-denoncimin-e-krimit-zgjedhor-thelbesor-per-sigurimin-e-integritetit-te-zgjedhjeve-dhe-te-ligjzbatimit-ne-vend\/\" target=\"_blank\" rel=\"noopener\" title=\"\">Qasja proaktive e Komisionit Q\u00ebndror t\u00eb Zgjedhjeve n\u00eb evidentimin dhe denoncimin \u00a0e krimit zgjedhor, thelb\u00ebsor p\u00ebr sigurimin e integritetit t\u00eb zgjedhjeve dhe t\u00eb ligjzbatimit n\u00eb vend<\/a>&#8220;. <\/p>\n\n\n\n<p>Gjithashtu, KRIIK vijoi v\u00ebzhgimin e k\u00ebtij procesi zgjedhor deri n\u00eb p\u00ebrfundimin e t\u00eb gjith\u00eb ciklit institucional, p\u00ebrfshi auditin paszgjedhor, si dhe raportimin dhe kontrollin e financave t\u00eb fushat\u00ebs zgjedhore.<\/p>\n\n\n\n<p>V\u00ebzhgimi i Zgjedhjeve p\u00ebr Organet e Qeverisjes Vendor\u00eb t\u00eb 14 majit 2023 u zhvillua vullnetarisht nga KRIIK, n\u00eb bashk\u00ebpunim me 30 organizata t\u00eb njohura lokale partnere, n\u0451 shumic\u00ebn e element\u00ebve t\u0451 vet, nj\u00eb bashk\u00ebpunim ky i konsoliduar ky prej m\u00eb shum\u00eb se nj\u00eb dekade.<\/p>\n\n\n\n<p>Me mb\u0451shtetjen financiare t\u0451 Programit t\u0451 Granteve t\u0451 Vogla t\u0451 Ambasad\u0451s s\u0451 SHBA n\u0451 Shqip\u0451ri, u v\u0451zhguan disa element\u0451 t\u0451 financimit t\u0451 fushat\u0451s dhe p\u0451rdorimit t\u0451 burimeve shtet\u0451rore p\u0451r q\u0451llim elektoral.<\/p>\n","protected":false},"excerpt":{"rendered":"<p>KRIIK nisi ta monitoroj\u00eb n\u00eb t\u00ebr\u00ebsi procesin e Zgjedhjeve p\u00ebr Organet e Qeverisjes Vendore t\u00eb 14 majit 2023 q\u00eb prej momentit t\u00eb shpalljes s\u00eb dat\u00ebs s\u00eb zgjedhjeve nga Presidenti i Republik\u00ebs, m\u00eb 24 tetor 2022.\u00a0\u00a0 Bazuar n\u00eb eksperienc\u00ebn e v\u00ebzhgimit t\u00eb Zgjedhjeve p\u00ebr Kuvendin e Shqip\u00ebris\u00eb t\u00eb vitit 2021 dhe t\u00eb Zgjedhjeve t\u00eb Pjesshme p\u00ebr&#8230;<\/p>\n","protected":false},"author":4,"featured_media":0,"parent":0,"menu_order":0,"comment_status":"closed","ping_status":"closed","template":"","meta":{"om_disable_all_campaigns":false,"_monsterinsights_skip_tracking":false,"_monsterinsights_sitenote_active":false,"_monsterinsights_sitenote_note":"","_monsterinsights_sitenote_category":0,"footnotes":""},"class_list":["post-1747","page","type-page","status-publish","hentry"],"aioseo_notices":[],"_links":{"self":[{"href":"https:\/\/kriik.al\/home\/wp-json\/wp\/v2\/pages\/1747","targetHints":{"allow":["GET"]}}],"collection":[{"href":"https:\/\/kriik.al\/home\/wp-json\/wp\/v2\/pages"}],"about":[{"href":"https:\/\/kriik.al\/home\/wp-json\/wp\/v2\/types\/page"}],"author":[{"embeddable":true,"href":"https:\/\/kriik.al\/home\/wp-json\/wp\/v2\/users\/4"}],"replies":[{"embeddable":true,"href":"https:\/\/kriik.al\/home\/wp-json\/wp\/v2\/comments?post=1747"}],"version-history":[{"count":3,"href":"https:\/\/kriik.al\/home\/wp-json\/wp\/v2\/pages\/1747\/revisions"}],"predecessor-version":[{"id":2938,"href":"https:\/\/kriik.al\/home\/wp-json\/wp\/v2\/pages\/1747\/revisions\/2938"}],"wp:attachment":[{"href":"https:\/\/kriik.al\/home\/wp-json\/wp\/v2\/media?parent=1747"}],"curies":[{"name":"wp","href":"https:\/\/api.w.org\/{rel}","templated":true}]}}