{"id":1418,"date":"2022-10-30T17:04:18","date_gmt":"2022-10-30T16:04:18","guid":{"rendered":"https:\/\/kriik.al\/home\/?page_id=1418"},"modified":"2022-10-30T17:06:55","modified_gmt":"2022-10-30T16:06:55","slug":"aksioni-i-vezhgimit-per-zgjedhjet-per-kuvendin-e-shqiperise-te-25-prillit-2021","status":"publish","type":"page","link":"https:\/\/kriik.al\/home\/aksioni-i-vezhgimit-per-zgjedhjet-per-kuvendin-e-shqiperise-te-25-prillit-2021\/","title":{"rendered":"Aksioni i V\u00ebzhgimit p\u00ebr Zgjedhjet p\u00ebr Kuvendin e Shqip\u00ebris\u00eb t\u00eb 25 prillit 2021"},"content":{"rendered":"\n<hr class=\"wp-block-separator is-style-wide\"\/>\n\n\n\n<p><strong>Procesin e Zgjedhjeve p\u00ebr Kuvendin e Shqip\u00ebris\u00eb t\u00eb 25 Prillit 2021<\/strong>, KRIIK ka nisur ta monitoroj\u00eb n\u00eb t\u00ebr\u00ebsi q\u00eb prej momentit t\u00eb shpalljes s\u00eb dat\u00ebs s\u00eb zgjedhjeve nga Presidenti i Republik\u00ebs, m\u00eb 6 Shtator t\u00eb vitit 2020. Aksioni i V\u00ebzhgimit u shpall publikisht gjat\u00eb Konferenc\u00ebs Komb\u00ebtare \u201cKostot e Demokracis\u00eb II \u2013 Parat\u00eb n\u00eb Politik\u00eb dhe Integriteti Zgjedhor\u201d.<\/p>\n\n\n\n<p>KRIIK angazhoi nj\u00eb ekip ekspert\u00ebsh n\u00eb nivel qendror, 22 v\u00ebzhgues afatgjat\u00eb n\u00eb t\u00eb gjith\u00eb vendin, t\u00eb cilat v\u00ebzhguan element\u00eb ky\u00e7 t\u00eb procesit nga fundi i shkurtit deri n\u00eb nj\u00eb jav\u00eb pas aprovimit t\u00eb tabelave p\u00ebrfundimtare t\u00eb rezultateve nga Komisioni Qendror i Zgjedhjeve; 184 v\u00ebzhgues afatshkurt\u00ebr t\u00eb cil\u00ebt ndoq\u00ebn aktivitetin e Komisioneve Zonale t\u00eb Administrimit Zgjedhor nga dita e premte, 23 prill, deri n\u00eb p\u00ebrfundimin e num\u00ebrimit n\u00eb zon\u00ebn zgjedhore p\u00ebrkat\u00ebse (2 p\u00ebr \u00e7do KZAZ); 360 v\u00ebzhgues afatshkurt\u00ebr q\u00eb v\u00ebzhguan procesin n\u00eb po aq qendra votimi t\u00eb p\u00ebrzgjedhura n\u00eb m\u00ebnyr\u00eb rast\u00ebsore n\u00eb t\u00eb gjith\u00eb vendin; 184 v\u00ebzhgues afatshkurt\u00ebr t\u00eb l\u00ebvizsh\u00ebm, n\u00eb ekipe prej dy v\u00ebzhguesish secili, q\u00eb v\u00ebzhguan situat\u00ebn rreth qendrave t\u00eb votimit dhe procesin e votimit gjat\u00eb dit\u00ebs s\u00eb zgjedhjeve (nj\u00eb ekip p\u00ebr \u00e7do zon\u00eb t\u00eb administrimit zgjedhor); si dhe 184 v\u00ebzhgues afatshkurt\u00ebr q\u00eb v\u00ebzhguan procesin e num\u00ebrimit t\u00eb votave n\u00eb t\u00eb gjith\u00eb vendet e num\u00ebrimit t\u00eb votave n\u00eb vend (dy p\u00ebr \u00e7do VNV). V\u00ebzhgimi i 360 qendrave t\u00eb votimit t\u00eb p\u00ebrzgjedhura n\u00eb m\u00ebnyr\u00eb rast\u00ebsore garanton p\u00ebrgjith\u00ebsimin e gjetjeve me nj\u00eb marzh gabimi prej \u00b15%, me nj\u00eb interval besueshm\u00ebrie prej 95%.<\/p>\n\n\n\n<p>KRIIK e vler\u00ebson procesin zgjedhor duke p\u00ebrdorur si kritere standardet e njohura nd\u00ebrkomb\u00ebtarisht p\u00ebr zgjedhje demokratike, si dhe kuadrin ligjor shqiptar.<\/p>\n\n\n\n<p>Gjetjet nga procesi i v\u00ebzhgimit jan\u00eb b\u00ebr\u00eb publike n\u00ebp\u00ebrmjet nj\u00eb numri raportesh e prononcimesh publike, si m\u00eb posht\u00eb:<\/p>\n\n\n\n<p>N\u00eb dat\u00ebn 11 Mars 2021, KRIIK organizoi nj\u00eb Konferenc\u00eb p\u00ebr Shtyp n\u00eb t\u00eb cil\u00ebn u b\u00ebn\u00eb publike disa shqet\u00ebsime t\u00eb KRIIK n\u00eb lidhje me kat\u00ebr \u00e7\u00ebshtje t\u00eb r\u00ebnd\u00ebsishme t\u00eb procesit zgjedhor: (1) ndikimin q\u00eb Covid-19 do t\u00eb kishte mbi organizmin e procesit zgjedhor, (2) integritetin e kandidat\u00ebve t\u00eb propozuar nga subjektet zgjedhor\u00eb; (3) e drejta e vot\u00ebs p\u00ebr zgjedh\u00ebsit q\u00eb jetojn\u00eb jasht\u00eb vendit; si dhe (4) p\u00ebrdorimin e burimeve shtet\u00ebrore gjat\u00eb fushat\u00ebs zgjedhore.<\/p>\n\n\n\n<p>N\u00eb dat\u00eb 29 mars u publikua&nbsp;<a href=\"https:\/\/kriik.al\/home\/2021\/03\/29\/konference-per-shtyp-publikimi-i-raportit-te-pare-te-ndermjetem\/\" target=\"_blank\" rel=\"noreferrer noopener\">Raporti i Par\u00eb i Nd\u00ebrmjet\u00ebm i V\u00ebzhgimit<\/a>, i cili mbulonte periudh\u00ebn nga dita e shpalljes s\u00eb dat\u00ebs s\u00eb zgjedhjeve (6 shtator 2020) deri n\u00eb nisje t\u00eb fushat\u00ebs zgjedhore (25 mars 2021).<\/p>\n\n\n\n<p>N\u00eb dat\u00eb 24 prill u publikua&nbsp;<a href=\"https:\/\/kriik.al\/home\/2021\/04\/24\/konference-per-shtyp-publikimi-i-raportit-te-dyte-te-ndermjetem\/\" target=\"_blank\" rel=\"noreferrer noopener\">Raporti i Dyt\u00eb i Nd\u00ebrmjet\u00ebm i V\u00ebzhgimit<\/a>, i cili mbulonte periudh\u00ebn e fushat\u00ebs zgjedhore (nga data 26 mars deri n\u00eb dat\u00eb 23 prill 2021).<\/p>\n\n\n\n<p>Gjat\u00eb dit\u00ebs s\u00eb zgjedhjeve KRIIK realizoi kat\u00ebr konferenca p\u00ebr shtyp, me q\u00ebllim informimin e publikut mbi procesin zgjedhor gjat\u00eb asaj dite. T\u00eb h\u00ebn\u00ebn, dat\u00eb 26 prill, u publikua<a rel=\"noreferrer noopener\" href=\"https:\/\/kriik.al\/home\/2021\/04\/26\/njoftim-per-shtyp-2\/\" target=\"_blank\">&nbsp;Deklarata e Gjetjeve dhe Konkluzioneve Paraprake mbi Procesin Zgjedhor<\/a>&nbsp;deri n\u00eb at\u00eb pik\u00eb, p\u00ebrfshi dit\u00ebn e zgjedhjeve dhe nisjen e procesit t\u00eb num\u00ebrimit t\u00eb votave.<\/p>\n\n\n\n<p>Gjat\u00eb procesit t\u00eb num\u00ebrimit u mbajt\u00ebn tri konferenca p\u00ebr shtyp, n\u00eb t\u00eb cilat u informua publiku mbi mbar\u00ebvajtjen e k\u00ebtij procesi. T\u00eb premten, dat\u00eb 30 prill 2021 u publikua&nbsp;<a rel=\"noreferrer noopener\" href=\"https:\/\/kriik.al\/home\/2021\/04\/30\/d-e-k-l-a-r-a-t-e\/\" target=\"_blank\">Deklarata Paraprake mbi Procesin e Num\u00ebrimit<\/a>.<\/p>\n\n\n\n<p>Ne shkurt 2022 u publikua&nbsp;<a href=\"https:\/\/kriik.al\/home\/wp-content\/uploads\/2022\/02\/KRIIK-RapFinalZgjedhje2021-Shtat20-Jan22-20220216-1.pdf\" target=\"_blank\" rel=\"noreferrer noopener\">Raporti Final i Vezhgimit<\/a>, i cili mbulon nga shtatori 2020 (shpallja e dates se zgjedhjeve nga Presidenti) deri ne janar 2022.<\/p>\n\n\n\n<p>Ne perfundim te Aksionit te Vezhgimit, KRIIK realizon, ne date 16 shkurt 2022&nbsp;<a href=\"https:\/\/kriik.al\/home\/2022\/02\/11\/konferenca-kombetare\/\" target=\"_blank\" rel=\"noreferrer noopener\"><strong><u>KONFERENC\u00cbN KOMB\u00cbTARE&nbsp;<\/u>\u201cSHOQ\u00cbRIA CIVILE DHE POLITIKE; P\u00cbR NJ\u00cb DIALOG DHE PJES\u00cbMARRJE GJITH\u00cbP\u00cbRFSHIR\u00cbSE\u201d \u2013 \u201cNevoja p\u00ebr nj\u00eb Reform\u00eb t\u00eb Plot\u00eb Zgjedhore; Financimi i Politik\u00ebs\u201d<\/strong>.<\/a><\/p>\n\n\n\n<p>P\u00ebrgjat\u00eb gjith\u00eb aktivitetit t\u00eb vet, synimi par\u00ebsor i KRIIK mbetet fryma kritike dhe konstruktive, evidentimi i pikave t\u00eb forta dhe i problematikave q\u00eb k\u00ebrkojn\u00eb p\u00ebrmir\u00ebsim, si dhe ofrimi i rekomandimeve p\u00ebr p\u00ebrmir\u00ebsim. Raporti P\u00ebrfundimtar i V\u00ebzhgimit dhe Raporti p\u00ebr Financimin e Subjekteve Zgjedhore dhe Kandidat\u00ebve do t\u00eb shoq\u00ebrohen me rekomandime p\u00ebr p\u00ebrmir\u00ebsim dhe ndiqen nga aktivitete advokuese dhe nd\u00ebrgjegj\u00ebsimi me q\u00ebllim q\u00eb k\u00ebto rekomandime t\u00eb p\u00ebrmbushen, me synim final forcimin e integritetit t\u00eb procesit zgjedhor n\u00eb Shqip\u00ebri.<\/p>\n\n\n\n<p>P\u00ebrpos ndjekjes n\u00eb vazhdim\u00ebsi t\u00eb element\u00ebve kontekstual\u00eb politik\u00eb e institucional\u00eb, v\u00ebzhgimi i<br>element\u00ebve teknik\u00eb t\u00eb procesit \u00ebsht\u00eb fokusuar n\u00eb sjelljen dhe vendimmarrjen e Komisionit Qendror t\u00eb Zgjedhjeve, si dhe sjelljen dhe ligjzbatueshm\u00ebrin\u00eb e administrat\u00ebs s\u00eb KQZ-s\u00eb; p\u00ebrmbushjen e detyrimeve ligjore prej Komisioneve Zonale t\u00eb Administrimit Zgjedhor, institucioneve dhe aktor\u00ebve t\u00eb tjer\u00eb t\u00eb p\u00ebrfshir\u00eb n\u00eb procesin zgjedhor apo q\u00eb luajn\u00eb nj\u00eb rol n\u00eb t\u00eb; fushat\u00ebn parazgjedhore t\u00eb zhvilluar; sjelljen e subjekteve zgjedhore dhe institucioneve, si dhe p\u00ebrdorimin e burimeve shtet\u00ebrore p\u00ebr p\u00ebrfitim elektoral; etj.<\/p>\n\n\n\n<p><em>Aksioni i V\u00ebzhgimit p\u00ebr Zgjedhjet p\u00ebr Kuvendin e Shqip\u00ebris\u00eb t\u00eb 25 Prillit 2021 \u00ebsht\u00eb duke u realizuar n\u00eb bashk\u00ebpunim me 33 organizata partnere, t\u00eb cilat operojn\u00eb n\u00eb t\u00eb gjith\u00eb vendin:<\/em><\/p>\n\n\n\n<ul class=\"wp-block-list\"><li><a rel=\"noreferrer noopener\" href=\"https:\/\/kriik.al\/home\/agjencia-joniane-e-mjedisit-medias-informacionit\/\" target=\"_blank\">Agjencia Joniane e Mjedisit, Medias, Informacionit \u2013 Sarand\u00eb<\/a><a href=\"http:\/\/agjencia-joniane-e-mjedisit%2C-medias%2C-informacionit\/\">;<\/a><\/li><li><a href=\"https:\/\/kriik.al\/home\/e-shkuara-per-te-ardhmen\/\" target=\"_blank\" rel=\"noreferrer noopener\">E Shkuara p\u00ebr t\u00eb Ardhmen \u2013 Kor\u00e7\u00eb;<\/a><\/li><li><a rel=\"noreferrer noopener\" href=\"https:\/\/kriik.al\/home\/\" target=\"_blank\">Epoka e Re \u2013 Fier;<\/a><\/li><li><a href=\"https:\/\/kriik.al\/home\/forumi-civil-selenice\/\" target=\"_blank\" rel=\"noreferrer noopener\">Forumi Civil Selenic\u00eb \u2013 Selenic\u00eb;<\/a><\/li><li><a rel=\"noreferrer noopener\" href=\"https:\/\/kriik.al\/home\/forumi-i-gruas-elbasan\/\" target=\"_blank\">Forumi i Gruas Elbasan \u2013 Elbasan;<\/a><\/li><li><a rel=\"noreferrer noopener\" href=\"https:\/\/kriik.al\/home\/gruaja-naftetare-ne-fokusin-e-zhvillimit\/\" target=\"_blank\">Gruaja Naft\u00ebtare n\u00eb Fokusin e Zhvillimit \u2013 Ku\u00e7ov\u00eb;<\/a><\/li><li><a rel=\"noreferrer noopener\" href=\"https:\/\/kriik.al\/home\/gruaja-ne-zhvillim\/\" target=\"_blank\">Gruaja n\u00eb Zhvillim \u2013 Kor\u00e7\u00eb;<\/a><\/li><li><a rel=\"noreferrer noopener\" href=\"https:\/\/kriik.al\/home\/grupi-lokal-i-veprimit-integrimi\/\" target=\"_blank\">Grupi Lokal i Veprimit Integrimi \u2013 Dib\u00ebr;<\/a><\/li><li><a rel=\"noreferrer noopener\" href=\"https:\/\/kriik.al\/home\/levizja-rinore-per-demokraci\/\" target=\"_blank\">L\u00ebvizja Rinore p\u00ebr Demokraci Puk\u00eb \u2013 Puk\u00eb;<\/a><\/li><li><a rel=\"noreferrer noopener\" href=\"https:\/\/kriik.al\/home\/levizja-per-zhvillimin-e-turizmit\/(opens%20in%20a%20new%20tab)\" target=\"_blank\">L\u00ebvizja p\u00ebr Zhvillimin e Turizmit \u2013 Ksamil;<\/a><\/li><li><a rel=\"noreferrer noopener\" href=\"https:\/\/kriik.al\/home\/shoqata-mbrojtja-e-mjedisit-dhe-zhvillimi-i-turizmit\/\" target=\"_blank\">Shoqata Mbrojtja e Mjedisit dhe Zhvillimi i Turizmit \u2013 Has;<\/a><\/li><li><a rel=\"noreferrer noopener\" href=\"https:\/\/kriik.al\/home\/mbrojtja-e-te-drejtave-te-personave-me-aftesi-te-kufizuara\/\" target=\"_blank\">Mbrojtja e t\u00eb Drejtave t\u00eb Personave me Aft\u00ebsi t\u00eb Kufizuara (MEDPAK) \u2013 Librazhd;<\/a><\/li><li><a rel=\"noreferrer noopener\" href=\"https:\/\/kriik.al\/home\/nisma-e-luleve\/\" target=\"_blank\">Nisma e Luleve \u2013 Sarand\u00eb;<\/a><\/li><li><a rel=\"noreferrer noopener\" href=\"https:\/\/kriik.al\/home\/platforma-kombetare-per-grate\/\" target=\"_blank\">Platforma Komb\u00ebtare p\u00ebr Grat\u00eb \u2013 Fier;<\/a><\/li><li><a rel=\"noreferrer noopener\" href=\"https:\/\/kriik.al\/home\/porta-rome-per-integrim\/\" target=\"_blank\">Porta Rome p\u00ebr Integrim \u2013 Kruj\u00eb;<\/a><\/li><li><a rel=\"noreferrer noopener\" href=\"https:\/\/kriik.al\/home\/shoqata-qendistaret\/\" target=\"_blank\">Shoqata Q\u00ebndistaret \u2013 Kor\u00e7\u00eb;<\/a><\/li><li><a href=\"https:\/\/kriik.al\/home\/\">Un\u00eb Gruaja \u2013 Pogradec;<\/a><\/li><li><a rel=\"noreferrer noopener\" href=\"https:\/\/kriik.al\/home\/qendra-e-keshillimit-te-grave-dhe-sherbimeve-sociale\/\" target=\"_blank\">Qendra e K\u00ebshillimit t\u00eb Grave dhe Sh\u00ebrbimeve Sociale \u2013 Kuk\u00ebs;<\/a><\/li><li><a href=\"https:\/\/kriik.al\/home\/qendra-keshillimore-per-njerezit-me-aftesi-te-kufizuar\/\">Qendra K\u00ebshillimore p\u00ebr Njer\u00ebzit me Aft\u00ebsi t\u00eb&nbsp;<\/a><a rel=\"noreferrer noopener\" href=\"https:\/\/kriik.al\/home\/qendra-keshillimore-per-njerezit-me-aftesi-te-kufizuar\/\" target=\"_blank\">Kufizuar&nbsp;<\/a><a href=\"https:\/\/kriik.al\/home\/qendra-keshillimore-per-njerezit-me-aftesi-te-kufizuar\/\">\u2013 Shkod\u00ebr;<\/a><\/li><li><a rel=\"noreferrer noopener\" href=\"https:\/\/kriik.al\/home\/qendra-sociale-ne-ndihme-te-njerezve-ne-nevoje\/\" target=\"_blank\">Qendra Sociale n\u00eb Ndihm\u00eb t\u00eb Njer\u00ebzve n\u00eb Nevoj\u00eb \u2013 Fush\u00eb Arr\u00ebz;<\/a><\/li><li><a rel=\"noreferrer noopener\" href=\"https:\/\/kriik.al\/home\/qendra-e-zhvillimit-te-shoqerise-civile\/\" target=\"_blank\">Qendra e Zhvillimit t\u00eb Shoq\u00ebris\u00eb Civile \u2013 Durr\u00ebs;<\/a><\/li><li><a rel=\"noreferrer noopener\" href=\"https:\/\/kriik.al\/home\/hand-to-hand-against-nation-apathy\/\" target=\"_blank\">Hand to Hand Against Nation Apathy \u2013 Lezh\u00eb;<\/a><\/li><li><a rel=\"noreferrer noopener\" href=\"https:\/\/kriik.al\/home\/qendra-rinore-e-vlores\/\" target=\"_blank\">Qendra Rinore e Vlor\u00ebs \u2013 Vlor\u00eb;<\/a><\/li><li><a rel=\"noreferrer noopener\" href=\"https:\/\/kriik.al\/home\/shoqata-mbrojtja-e-te-drejtave-te-gruas-fshatare-dhe-qytetare\/\" target=\"_blank\">Shoqata Mbrojtja e t\u00eb Drejtave t\u00eb Gruas Fshatare dhe Qytetare \u2013 Berat;<\/a><\/li><li><a rel=\"noreferrer noopener\" href=\"https:\/\/kriik.al\/home\/shoqata-alpin\/\" target=\"_blank\">Shoqata Alpin \u2013 Tropoj\u00eb;<\/a><\/li><li><a rel=\"noreferrer noopener\" href=\"https:\/\/kriik.al\/home\/shoqata-ekspertet-e-rinj-mjedisor\/\" target=\"_blank\">Shoqata Ekspert\u00ebt e Rinj Mjedisor \u2013 Bulqiz\u00eb;<\/a><\/li><li><a href=\"https:\/\/kriik.al\/home\/\">Shoqata p\u00ebr Grat\u00eb dhe F\u00ebmij\u00ebt \u2013 Tiran\u00eb;<\/a><\/li><li><a href=\"https:\/\/kriik.al\/home\/\">Shoqata Rreze Shprese \u2013 Vau Dej\u00ebs;<\/a><\/li><li><a rel=\"noreferrer noopener\" href=\"https:\/\/kriik.al\/home\/sindikata-e-pavarur-e-tipografeve\/\" target=\"_blank\">Sindikata e Pavarur e Tipograf\u00ebve \u2013 Tiran\u00eb;<\/a><\/li><li><a href=\"https:\/\/kriik.al\/home\/\">The Youth of Ura Vajgurore \u2013 Ura Vajgurore;<\/a><\/li><li><a rel=\"noreferrer noopener\" href=\"https:\/\/kriik.al\/home\/together-for-roma-integration\/\" target=\"_blank\">Together for Roma Integration \u2013 Fier;<\/a><\/li><li><a rel=\"noreferrer noopener\" href=\"https:\/\/kriik.al\/home\/youth-for-social-changes\/\" target=\"_blank\">Youth for Social Changes \u2013 Vor\u00eb;<\/a><\/li><li><a rel=\"noreferrer noopener\" href=\"https:\/\/kriik.al\/home\/\" target=\"_blank\">Consulting and Development Partners \u2013 Shkod\u00ebr.<\/a><\/li><\/ul>\n","protected":false},"excerpt":{"rendered":"<p>Procesin e Zgjedhjeve p\u00ebr Kuvendin e Shqip\u00ebris\u00eb t\u00eb 25 Prillit 2021, KRIIK ka nisur ta monitoroj\u00eb n\u00eb t\u00ebr\u00ebsi q\u00eb prej momentit t\u00eb shpalljes s\u00eb dat\u00ebs s\u00eb zgjedhjeve nga Presidenti i Republik\u00ebs, m\u00eb 6 Shtator t\u00eb vitit 2020. Aksioni i V\u00ebzhgimit u shpall publikisht gjat\u00eb Konferenc\u00ebs Komb\u00ebtare \u201cKostot e Demokracis\u00eb II \u2013 Parat\u00eb n\u00eb Politik\u00eb dhe&#8230;<\/p>\n","protected":false},"author":4,"featured_media":0,"parent":0,"menu_order":0,"comment_status":"closed","ping_status":"closed","template":"","meta":{"om_disable_all_campaigns":false,"_monsterinsights_skip_tracking":false,"_monsterinsights_sitenote_active":false,"_monsterinsights_sitenote_note":"","_monsterinsights_sitenote_category":0,"footnotes":""},"class_list":["post-1418","page","type-page","status-publish","hentry"],"aioseo_notices":[],"_links":{"self":[{"href":"https:\/\/kriik.al\/home\/wp-json\/wp\/v2\/pages\/1418","targetHints":{"allow":["GET"]}}],"collection":[{"href":"https:\/\/kriik.al\/home\/wp-json\/wp\/v2\/pages"}],"about":[{"href":"https:\/\/kriik.al\/home\/wp-json\/wp\/v2\/types\/page"}],"author":[{"embeddable":true,"href":"https:\/\/kriik.al\/home\/wp-json\/wp\/v2\/users\/4"}],"replies":[{"embeddable":true,"href":"https:\/\/kriik.al\/home\/wp-json\/wp\/v2\/comments?post=1418"}],"version-history":[{"count":2,"href":"https:\/\/kriik.al\/home\/wp-json\/wp\/v2\/pages\/1418\/revisions"}],"predecessor-version":[{"id":1420,"href":"https:\/\/kriik.al\/home\/wp-json\/wp\/v2\/pages\/1418\/revisions\/1420"}],"wp:attachment":[{"href":"https:\/\/kriik.al\/home\/wp-json\/wp\/v2\/media?parent=1418"}],"curies":[{"name":"wp","href":"https:\/\/api.w.org\/{rel}","templated":true}]}}