{"id":126,"date":"2019-06-27T11:28:33","date_gmt":"2019-06-27T09:28:33","guid":{"rendered":"https:\/\/kriik.al\/home\/?page_id=126"},"modified":"2025-06-11T14:23:03","modified_gmt":"2025-06-11T12:23:03","slug":"kush-jemi","status":"publish","type":"page","link":"https:\/\/kriik.al\/home\/","title":{"rendered":""},"content":{"rendered":"\n\n\n\n<div class=\"n2-section-smartslider fitvidsignore \" data-ssid=\"10\" tabindex=\"0\" role=\"region\" aria-label=\"Slider\"><div id=\"n2-ss-10-align\" class=\"n2-ss-align\"><div class=\"n2-padding\"><div id=\"n2-ss-10\" data-creator=\"Smart Slider 3\" data-responsive=\"auto\" class=\"n2-ss-slider n2-ow n2-has-hover n2notransition  \"><div class=\"n2-ss-slider-wrapper-inside\">\n        <div class=\"n2-ss-slider-1 n2_ss__touch_element n2-ow\">\n            <div class=\"n2-ss-slider-2 n2-ow\">\n                                                <div class=\"n2-ss-slider-3 n2-ow\">\n\n                    <div class=\"n2-ss-slide-backgrounds n2-ow-all\"><div class=\"n2-ss-slide-background\" data-public-id=\"1\" data-mode=\"fill\"><div data-color=\"RGBA(255,255,255,0)\" style=\"background-color: RGBA(255,255,255,0);\" class=\"n2-ss-slide-background-color\"><\/div><\/div><div class=\"n2-ss-slide-background\" data-public-id=\"2\" data-mode=\"fill\" aria-hidden=\"true\"><div data-color=\"RGBA(255,255,255,0)\" style=\"background-color: RGBA(255,255,255,0);\" class=\"n2-ss-slide-background-color\"><\/div><\/div><div class=\"n2-ss-slide-background\" data-public-id=\"3\" data-mode=\"fill\" aria-hidden=\"true\"><div data-color=\"RGBA(255,255,255,0)\" style=\"background-color: RGBA(255,255,255,0);\" class=\"n2-ss-slide-background-color\"><\/div><\/div><div class=\"n2-ss-slide-background\" data-public-id=\"4\" data-mode=\"fill\" aria-hidden=\"true\"><div data-color=\"RGBA(255,255,255,0)\" style=\"background-color: RGBA(255,255,255,0);\" class=\"n2-ss-slide-background-color\"><\/div><\/div><div class=\"n2-ss-slide-background\" data-public-id=\"5\" data-mode=\"fill\" aria-hidden=\"true\"><div data-color=\"RGBA(255,255,255,0)\" style=\"background-color: RGBA(255,255,255,0);\" class=\"n2-ss-slide-background-color\"><\/div><\/div><div class=\"n2-ss-slide-background\" data-public-id=\"6\" data-mode=\"fill\" aria-hidden=\"true\"><div data-color=\"RGBA(255,255,255,0)\" style=\"background-color: RGBA(255,255,255,0);\" class=\"n2-ss-slide-background-color\"><\/div><\/div><div class=\"n2-ss-slide-background\" data-public-id=\"7\" data-mode=\"fill\" aria-hidden=\"true\"><div data-color=\"RGBA(255,255,255,0)\" style=\"background-color: RGBA(255,255,255,0);\" class=\"n2-ss-slide-background-color\"><\/div><\/div><\/div>                    <div class=\"n2-ss-slider-4 n2-ow\">\n                        <svg xmlns=\"http:\/\/www.w3.org\/2000\/svg\" viewBox=\"0 0 800 400\" data-related-device=\"desktopPortrait\" class=\"n2-ow n2-ss-preserve-size n2-ss-preserve-size--slider n2-ss-slide-limiter\"><\/svg><div data-first=\"1\" data-slide-duration=\"0\" data-id=\"118\" data-slide-public-id=\"1\" data-title=\"Slide\" class=\"n2-ss-slide n2-ow  n2-ss-slide-118\"><div role=\"note\" class=\"n2-ss-slide--focus\" tabindex=\"-1\">Slide<\/div><div class=\"n2-ss-layers-container n2-ss-slide-limiter n2-ow\"><div class=\"n2-ss-layer n2-ow n-uc-YXaapZfEbV3m\" data-sstype=\"slide\" data-pm=\"default\"><div class=\"n2-ss-layer n2-ow n-uc-UfQxtY8ctxrl\" data-pm=\"default\" data-sstype=\"content\" data-hasbackground=\"1\"><div class=\"n2-ss-section-main-content n2-ss-layer-with-background n2-ss-layer-content n2-ow n-uc-UfQxtY8ctxrl-inner\"><div class=\"n2-ss-layer n2-ow n-uc-45oZUowop0SA\" data-pm=\"absolute\" data-responsiveposition=\"1\" data-desktopportraitleft=\"10\" data-desktopportraittop=\"15\" data-responsivesize=\"1\" data-desktopportraitwidth=\"760\" data-desktopportraitheight=\"140\" data-desktopportraitalign=\"left\" data-desktopportraitvalign=\"bottom\" data-parentid=\"\" data-desktopportraitparentalign=\"center\" data-desktopportraitparentvalign=\"middle\" data-sstype=\"layer\"><div id=\"n2-ss-10item1\" class=\"  n2-ss-item-content n2-ss-text n2-ow\" style=\"display:block;\"><a class=\"n2-ow n2-font-3b3d5e1a764246e5aa48178719c9065d-hover \" style=\"display:block;\" href=\"https:\/\/kriik.al\/home\/2025\/05\/12\/zgjedhjet-per-kuvendin-e-shqiperise-11-maj-2025-deklarata-e-gjetjeve-dhe-konkluzioneve-paraprake\/\">Deklarata e Gjetjeve dhe Konkluzioneve Paraprake <br>Zgjedhjet p\u00ebr Kuvendin e Shqip\u00ebris\u00eb, 11 maj 2025<\/a><\/div><\/div><\/div><\/div><\/div><\/div><\/div><div data-slide-duration=\"0\" data-id=\"109\" data-slide-public-id=\"2\" aria-hidden=\"true\" data-title=\"Slide\" class=\"n2-ss-slide n2-ow  n2-ss-slide-109\"><div role=\"note\" class=\"n2-ss-slide--focus\" tabindex=\"-1\">Slide<\/div><div class=\"n2-ss-layers-container n2-ss-slide-limiter n2-ow\"><div class=\"n2-ss-layer n2-ow n-uc-gs2lrptRVoAq\" data-sstype=\"slide\" data-pm=\"default\"><div class=\"n2-ss-layer n2-ow n-uc-3oonFraLY91f\" data-pm=\"default\" data-sstype=\"content\" data-hasbackground=\"1\"><div class=\"n2-ss-section-main-content n2-ss-layer-with-background n2-ss-layer-content n2-ow n-uc-3oonFraLY91f-inner\"><div class=\"n2-ss-layer n2-ow n-uc-GXfyrNo0oPGS\" data-pm=\"absolute\" data-responsiveposition=\"1\" data-desktopportraitleft=\"10\" data-desktopportraittop=\"-11\" data-responsivesize=\"1\" data-desktopportraitwidth=\"760\" data-desktopportraitheight=\"179\" data-desktopportraitalign=\"left\" data-desktopportraitvalign=\"bottom\" data-parentid=\"\" data-desktopportraitparentalign=\"center\" data-desktopportraitparentvalign=\"middle\" data-sstype=\"layer\"><div id=\"n2-ss-10item2\" class=\"  n2-ss-item-content n2-ss-text n2-ow\" style=\"display:block;\"><a class=\"n2-ow n2-font-3b3d5e1a764246e5aa48178719c9065d-hover \" style=\"display:block;\" href=\"https:\/\/kriik.al\/home\/2025\/05\/10\/pjesemarrja-aktive-e-te-gjithe-qytetareve-pergjate-procesit-zgjedhor-te-nesermdhe-zbatimi-i-plote-e-me-efikasitet-i-ligjit-prej-aktoreve-institucionale-domosdoshmeri-jetike-per-standardet-demokratike\/\">Pjes\u00ebmarrja aktive e t\u00eb gjith\u00eb qytetar\u00ebve p\u00ebrgjat\u00eb procesit zgjedhor t\u00eb nes\u00ebrm dhe zbatimi i plot\u00eb e me efikasitet i Ligjit prej aktor\u00ebve institucional\u00eb, domosdoshm\u00ebri jetike p\u00ebr standardet demokratike t\u00eb vendit<\/a><\/div><\/div><\/div><\/div><\/div><\/div><\/div><div data-slide-duration=\"0\" data-id=\"111\" data-slide-public-id=\"3\" aria-hidden=\"true\" data-title=\"Slide\" class=\"n2-ss-slide n2-ow  n2-ss-slide-111\"><div role=\"note\" class=\"n2-ss-slide--focus\" tabindex=\"-1\">Slide<\/div><div class=\"n2-ss-layers-container n2-ss-slide-limiter n2-ow\"><div class=\"n2-ss-layer n2-ow n-uc-nVuKEgVRZwnV\" data-sstype=\"slide\" data-pm=\"default\"><div class=\"n2-ss-layer n2-ow n-uc-MHaUskJRgTXw\" data-pm=\"default\" data-sstype=\"content\" data-hasbackground=\"1\"><div class=\"n2-ss-section-main-content n2-ss-layer-with-background n2-ss-layer-content n2-ow n-uc-MHaUskJRgTXw-inner\"><div class=\"n2-ss-layer n2-ow n-uc-OGcv6rBJVu1X\" data-pm=\"absolute\" data-responsiveposition=\"1\" data-desktopportraitleft=\"10\" data-desktopportraittop=\"-11\" data-responsivesize=\"1\" data-desktopportraitwidth=\"760\" data-desktopportraitheight=\"222\" data-desktopportraitalign=\"left\" data-desktopportraitvalign=\"bottom\" data-parentid=\"\" data-desktopportraitparentalign=\"center\" data-desktopportraitparentvalign=\"middle\" data-sstype=\"layer\"><div id=\"n2-ss-10item3\" class=\"  n2-ss-item-content n2-ss-text n2-ow\" style=\"display:block;\"><a class=\"n2-ow n2-font-3b3d5e1a764246e5aa48178719c9065d-hover \" style=\"display:block;\" href=\"https:\/\/kriik.al\/home\/wp-content\/uploads\/2025\/03\/KRIIK-DEKLARATE-PartitePolitike_KandidateMeIntegritetTeLarteMoralEProfesional-20250305.pdf\">Partit\u00eb Politike t\u00eb angazhohen seriozisht p\u00ebr t\u00eb kandiduar p\u00ebr Deputet\u00eb vet\u00ebm individ\u00eb me integritet t\u00eb lart\u00eb moral dhe profesional, si dhe p\u00ebr nj\u00eb fushat\u00eb zgjedhore t\u00eb ndershme, t\u00eb p\u00ebrgjegjshme dhe substanciale<\/a><\/div><\/div><\/div><\/div><\/div><\/div><\/div><div data-slide-duration=\"0\" data-id=\"112\" data-slide-public-id=\"4\" aria-hidden=\"true\" data-title=\"Slide\" class=\"n2-ss-slide n2-ow  n2-ss-slide-112\"><div role=\"note\" class=\"n2-ss-slide--focus\" tabindex=\"-1\">Slide<\/div><div class=\"n2-ss-layers-container n2-ss-slide-limiter n2-ow\"><div class=\"n2-ss-layer n2-ow n-uc-7UPcJ9tDVfGt\" data-sstype=\"slide\" data-pm=\"default\"><div class=\"n2-ss-layer n2-ow n-uc-AtLhQekOCMc2\" data-pm=\"default\" data-sstype=\"content\" data-hasbackground=\"1\"><div class=\"n2-ss-section-main-content n2-ss-layer-with-background n2-ss-layer-content n2-ow n-uc-AtLhQekOCMc2-inner\"><div class=\"n2-ss-layer n2-ow n-uc-YW7oEcCGDP2Z\" data-pm=\"absolute\" data-responsiveposition=\"1\" data-desktopportraitleft=\"10\" data-desktopportraittop=\"-11\" data-responsivesize=\"1\" data-desktopportraitwidth=\"760\" data-desktopportraitheight=\"179\" data-desktopportraitalign=\"left\" data-desktopportraitvalign=\"bottom\" data-parentid=\"\" data-desktopportraitparentalign=\"center\" data-desktopportraitparentvalign=\"middle\" data-sstype=\"layer\"><div id=\"n2-ss-10item4\" class=\"  n2-ss-item-content n2-ss-text n2-ow\" style=\"display:block;\"><a class=\"n2-ow n2-font-3b3d5e1a764246e5aa48178719c9065d-hover \" style=\"display:block;\" href=\"https:\/\/kriik.al\/home\/2025\/02\/20\/deklarate-nderveprimi-i-kqz-se-me-institucionet-e-drejtesise-hap-tejet-pozitiv-per-funksionalitetin-e-ligjit-ndaj-shkeljeve-dhe-krimeve-zgjedhore-per-zgjedhjet-parlamentare-te-11-majit-2025\/\">Nd\u00ebrveprimi i KQZ-s\u00eb me Institucionet e Drejt\u00ebsis\u00eb, hap tejet pozitiv p\u00ebr funksionalitetin e ligjit ndaj shkeljeve dhe krimeve zgjedhore p\u00ebr Zgjedhjet Parlamentare t\u00eb 11 Majit 2025<\/a><\/div><\/div><\/div><\/div><\/div><\/div><\/div><div data-slide-duration=\"0\" data-id=\"128\" data-slide-public-id=\"5\" aria-hidden=\"true\" data-title=\"Slide\" class=\"n2-ss-slide n2-ow  n2-ss-slide-128\"><div role=\"note\" class=\"n2-ss-slide--focus\" tabindex=\"-1\">Slide<\/div><div class=\"n2-ss-layers-container n2-ss-slide-limiter n2-ow\"><div class=\"n2-ss-layer n2-ow n-uc-gU80MgeVbwVh\" data-sstype=\"slide\" data-pm=\"default\"><div class=\"n2-ss-layer n2-ow n-uc-YKg45kxTtj0e\" data-pm=\"default\" data-sstype=\"content\" data-hasbackground=\"1\"><div class=\"n2-ss-section-main-content n2-ss-layer-with-background n2-ss-layer-content n2-ow n-uc-YKg45kxTtj0e-inner\"><div class=\"n2-ss-layer n2-ow n-uc-XZVOouy7z8yx\" data-pm=\"absolute\" data-responsiveposition=\"1\" data-desktopportraitleft=\"10\" data-desktopportraittop=\"-11\" data-responsivesize=\"1\" data-desktopportraitwidth=\"760\" data-desktopportraitheight=\"145\" data-desktopportraitalign=\"left\" data-desktopportraitvalign=\"bottom\" data-parentid=\"\" data-desktopportraitparentalign=\"center\" data-desktopportraitparentvalign=\"middle\" data-sstype=\"layer\"><div id=\"n2-ss-10item5\" class=\"  n2-ss-item-content n2-ss-text n2-ow\" style=\"display:block;\"><a class=\"n2-ow n2-font-3b3d5e1a764246e5aa48178719c9065d-hover \" style=\"display:block;\" href=\"https:\/\/kriik.al\/home\/2024\/12\/11\/deklarate-ministria-e-brendshme-te-miratoje-e-publikoje-sa-me-pare-udhezimin-per-procedurat-e-hartimit-te-listave-te-zgjedhesve-per-zgjedhjet-e-11-majit-2025\/\">Ministria e Brendshme t\u00eb miratoj\u00eb e publikoj\u00eb sa m\u00eb par\u00eb udh\u00ebzimin p\u00ebr procedurat e hartimit t\u00eb listave t\u00eb zgjedh\u00ebsve p\u00ebr Zgjedhjet e 11 majit 2025<\/a><\/div><\/div><\/div><\/div><\/div><\/div><\/div><div data-slide-duration=\"0\" data-id=\"110\" data-slide-public-id=\"6\" aria-hidden=\"true\" data-title=\"Slide\" class=\"n2-ss-slide n2-ow  n2-ss-slide-110\"><div role=\"note\" class=\"n2-ss-slide--focus\" tabindex=\"-1\">Slide<\/div><div class=\"n2-ss-layers-container n2-ss-slide-limiter n2-ow\"><div class=\"n2-ss-layer n2-ow n-uc-oYeZzmfuqHvr\" data-sstype=\"slide\" data-pm=\"default\"><div class=\"n2-ss-layer n2-ow n-uc-JM1NmBlZ2aZw\" data-pm=\"default\" data-sstype=\"content\" data-hasbackground=\"1\"><div class=\"n2-ss-section-main-content n2-ss-layer-with-background n2-ss-layer-content n2-ow n-uc-JM1NmBlZ2aZw-inner\"><div class=\"n2-ss-layer n2-ow n-uc-RPq6bB23tAhb\" data-pm=\"absolute\" data-responsiveposition=\"1\" data-desktopportraitleft=\"10\" data-desktopportraittop=\"-11\" data-responsivesize=\"1\" data-desktopportraitwidth=\"760\" data-desktopportraitheight=\"179\" data-desktopportraitalign=\"left\" data-desktopportraitvalign=\"bottom\" data-parentid=\"\" data-desktopportraitparentalign=\"center\" data-desktopportraitparentvalign=\"middle\" data-sstype=\"layer\"><div id=\"n2-ss-10item6\" class=\"  n2-ss-item-content n2-ss-text n2-ow\" style=\"display:block;\"><a class=\"n2-ow n2-font-3b3d5e1a764246e5aa48178719c9065d-hover \" style=\"display:block;\" href=\"https:\/\/kriik.al\/home\/2024\/12\/03\/deklarate-dekretimi-sa-me-pare-i-dates-se-zgjedhjeve-domosdoshmeri-per-te-mos-vene-nen-stres-procesin-pergatitor-dhe-ate-ligjzbatues-ne-procesin-zgjedhor-per-kuvendin-te-vitit-2025\/\">Dekretimi sa m\u00eb par\u00eb i Dat\u00ebs s\u00eb Zgjedhjeve, domosdoshm\u00ebri p\u00ebr t\u00eb mos v\u00ebn\u00eb n\u00ebn stres procesin p\u00ebrgatitor dhe at\u00eb ligjzbatues n\u00eb Procesin Zgjedhor p\u00ebr Kuvendin t\u00eb vitit 2025<\/a><\/div><\/div><\/div><\/div><\/div><\/div><\/div><div data-slide-duration=\"0\" data-id=\"107\" data-slide-public-id=\"7\" aria-hidden=\"true\" data-title=\"Slide\" class=\"n2-ss-slide n2-ow  n2-ss-slide-107\"><div role=\"note\" class=\"n2-ss-slide--focus\" tabindex=\"-1\">Slide<\/div><div class=\"n2-ss-layers-container n2-ss-slide-limiter n2-ow\"><div class=\"n2-ss-layer n2-ow n-uc-oSG2nAvjhR7Z\" data-sstype=\"slide\" data-pm=\"default\"><div class=\"n2-ss-layer n2-ow n-uc-VHrT7k7YDHNV\" data-pm=\"default\" data-sstype=\"content\" data-hasbackground=\"1\"><div class=\"n2-ss-section-main-content n2-ss-layer-with-background n2-ss-layer-content n2-ow n-uc-VHrT7k7YDHNV-inner\"><div class=\"n2-ss-layer n2-ow n-uc-NjMr9lqNFtos\" data-pm=\"absolute\" data-responsiveposition=\"1\" data-desktopportraitleft=\"10\" data-desktopportraittop=\"-11\" data-responsivesize=\"1\" data-desktopportraitwidth=\"760\" data-desktopportraitheight=\"179\" data-desktopportraitalign=\"left\" data-desktopportraitvalign=\"bottom\" data-parentid=\"\" data-desktopportraitparentalign=\"center\" data-desktopportraitparentvalign=\"middle\" data-sstype=\"layer\"><div id=\"n2-ss-10item7\" class=\"  n2-ss-item-content n2-ss-text n2-ow\" style=\"display:block;\"><a class=\"n2-ow n2-font-3b3d5e1a764246e5aa48178719c9065d-hover \" style=\"display:block;\" href=\"https:\/\/kriik.al\/home\/2024\/11\/25\/standardet-dhe-integriteti-i-zgjedhjeve-parlamentare-2025-ne-pikepyetje-pa-mbeshtetjen-e-kqz-se-dhe-angazhimin-serioz-te-aktoreve-politike-dhe-institucionale\/\">Standardet dhe integriteti i Zgjedhjeve Parlamentare 2025 n\u00eb pik\u00ebpyetje, pa mb\u00ebshtetjen e KQZ-s\u00eb dhe angazhimin serioz t\u00eb aktor\u00ebve politik\u00eb dhe institucional\u00eb<\/a><\/div><\/div><\/div><\/div><\/div><\/div><\/div>                    <\/div>\n\n                                    <\/div>\n            <\/div>\n        <\/div>\n        <div class=\"n2-ss-slider-controls n2-ss-slider-controls-absolute-left-center\"><div style=\"--widget-offset:15px;\" class=\"n2-ss-widget n2-ss-widget-display-hover nextend-arrow n2-ow-all nextend-arrow-previous  nextend-arrow-animated-fade\" data-hide-mobileportrait=\"1\" id=\"n2-ss-10-arrow-previous\" role=\"button\" aria-label=\"previous arrow\" tabindex=\"0\"><img loading=\"lazy\" decoding=\"async\" width=\"32\" height=\"32\" class=\"skip-lazy\" data-skip-lazy=\"1\" src=\"data:image\/svg+xml;base64,PHN2ZyB3aWR0aD0iMzIiIGhlaWdodD0iMzIiIHZpZXdCb3g9IjAgMCAzMiAzMiIgeG1sbnM9Imh0dHA6Ly93d3cudzMub3JnLzIwMDAvc3ZnIj4KICAgIDxwYXRoIGQ9Ik0xMS40MzMgMTUuOTkyTDIyLjY5IDUuNzEyYy4zOTMtLjM5LjM5My0xLjAzIDAtMS40Mi0uMzkzLS4zOS0xLjAzLS4zOS0xLjQyMyAwbC0xMS45OCAxMC45NGMtLjIxLjIxLS4zLjQ5LS4yODUuNzYtLjAxNS4yOC4wNzUuNTYuMjg0Ljc3bDExLjk4IDEwLjk0Yy4zOTMuMzkgMS4wMy4zOSAxLjQyNCAwIC4zOTMtLjQuMzkzLTEuMDMgMC0xLjQybC0xMS4yNTctMTAuMjkiCiAgICAgICAgICBmaWxsPSIjODE4OThkIiBvcGFjaXR5PSIxIiBmaWxsLXJ1bGU9ImV2ZW5vZGQiLz4KPC9zdmc+\" alt=\"previous arrow\"><\/div><\/div><div class=\"n2-ss-slider-controls n2-ss-slider-controls-absolute-right-center\"><div style=\"--widget-offset:15px;\" class=\"n2-ss-widget n2-ss-widget-display-hover nextend-arrow n2-ow-all nextend-arrow-next  nextend-arrow-animated-fade\" data-hide-mobileportrait=\"1\" id=\"n2-ss-10-arrow-next\" role=\"button\" aria-label=\"next arrow\" tabindex=\"0\"><img loading=\"lazy\" decoding=\"async\" width=\"32\" height=\"32\" class=\"skip-lazy\" data-skip-lazy=\"1\" src=\"data:image\/svg+xml;base64,PHN2ZyB3aWR0aD0iMzIiIGhlaWdodD0iMzIiIHZpZXdCb3g9IjAgMCAzMiAzMiIgeG1sbnM9Imh0dHA6Ly93d3cudzMub3JnLzIwMDAvc3ZnIj4KICAgIDxwYXRoIGQ9Ik0xMC43MjIgNC4yOTNjLS4zOTQtLjM5LTEuMDMyLS4zOS0xLjQyNyAwLS4zOTMuMzktLjM5MyAxLjAzIDAgMS40MmwxMS4yODMgMTAuMjgtMTEuMjgzIDEwLjI5Yy0uMzkzLjM5LS4zOTMgMS4wMiAwIDEuNDIuMzk1LjM5IDEuMDMzLjM5IDEuNDI3IDBsMTIuMDA3LTEwLjk0Yy4yMS0uMjEuMy0uNDkuMjg0LS43Ny4wMTQtLjI3LS4wNzYtLjU1LS4yODYtLjc2TDEwLjcyIDQuMjkzeiIKICAgICAgICAgIGZpbGw9IiM4MTg5OGQiIG9wYWNpdHk9IjEiIGZpbGwtcnVsZT0iZXZlbm9kZCIvPgo8L3N2Zz4=\" alt=\"next arrow\"><\/div><\/div><\/div><\/div><ss3-loader><\/ss3-loader><\/div><\/div><div class=\"n2_clear\"><\/div><\/div>\n\n\n<div style=\"height:52px\" aria-hidden=\"true\" class=\"wp-block-spacer\"><\/div>\n\n\n\n<hr class=\"wp-block-separator has-css-opacity is-style-default\"\/>\n\n\n\n<h2 class=\"wp-block-heading has-text-align-center\"><strong>Aksioni i V\u00ebzhgimit p\u00ebr Zgjedhjet p\u00ebr Kuvendin e Shqip\u00ebris\u00eb t\u00eb 11 majit 2025<\/strong><\/h2>\n\n\n\n<div style=\"height:20px\" aria-hidden=\"true\" class=\"wp-block-spacer\"><\/div>\n\n\n\n<hr class=\"wp-block-separator has-css-opacity\"\/>\n\n\n\n<p>Koalicioni p\u00ebr Reforma, Integrim dhe Institucione t\u00eb Konsoliduara (KRIIK), n\u00eb vazhdim\u00ebsi t\u00eb angazhimit prej m\u00eb shum\u00eb se nj\u00eb dekade n\u00eb mbrojtje t\u00eb integritetit t\u00eb procesit zgjedhor dhe forcimit t\u00eb standardeve p\u00ebr zgjedhje demokratike, monitoroi pjes\u00ebrisht procesin e Zgjedhjeve Parlamentare t\u00eb 11 majit 2025.<\/p>\n\n\n\n<p>KRIIK ndjek n\u00eb vijim\u00ebsi t\u00eb gjith\u00eb ciklin para dhe pas zgjedhor, si dhe periudhat mes cikleve zgjedhore, duke monitoruar dhe vler\u00ebsuar jo vet\u00ebm integritetin e zgjedhjeve, por edhe zhvillimet sistemike q\u00eb ndikojn\u00eb procesin demokratik n\u00eb t\u00ebr\u00ebsi. P\u00ebrpos ndjekjes s\u00eb procesit zgjedhor gjat\u00eb zhvillimit t\u00eb tij, KRIIK ndjek n\u00eb vijim\u00ebsi situat\u00ebn mes proceseve zgjedhore, \u00e7ka mund\u00ebson t\u00eb kuptuarin m\u00eb t\u00eb plot\u00eb t\u00eb problemeve strukturore, dhe angazhohet n\u00eb m\u00ebnyr\u00eb aktive p\u00ebr p\u00ebrmir\u00ebsimin e kuadrit ligjor dhe institucional, p\u00ebrmes advokimit dhe kontributit n\u00eb proceset reformuese t\u00eb kuadrit ligjor p\u00ebr zgjedhjet, apo nisma t\u00eb tjera p\u00ebr forcimin e demokracis\u00eb.<\/p>\n\n\n\n<p>Gjat\u00eb periudh\u00ebs parazgjedhore, nj\u00eb ekip ekspert\u00ebsh ndoq\u00ebn situat\u00ebn politiko-institucionale q\u00eb u parapriu zgjedhjeve, p\u00ebrgatitjet p\u00ebr procesin zgjedhor, administrimin e procesit nga Komisioni Qendror i Zgjedhjeve (KQZ), me fokus t\u00eb ve\u00e7ant\u00eb n\u00eb p\u00ebrdorimin e burimeve shtet\u00ebrore dhe ofiqit publik p\u00ebr avantazh elektoral dhe financimin e fushat\u00ebs.<\/p>\n\n\n\n<p>P\u00ebrtej monitorimit dhe vler\u00ebsimit t\u00eb procesit, n\u00eb k\u00ebto zgjedhje KRIIK u angazhua n\u00eb m\u00ebnyr\u00eb ve\u00e7an\u00ebrisht aktive n\u00eb forcimin e kuadrit rregullator dyt\u00ebsor p\u00ebr zgjedhjet dhe implementimin e plot\u00eb dhe pa ekuivok t\u00eb dispozitave aktuale ligjore, duke paraqitur rekomandime t\u00eb detajuara p\u00ebr Komisionin Qendror t\u00eb Zgjedhjeve si dhe denoncime t\u00eb vazhdueshme p\u00ebr shkeljet e v\u00ebrejtura n\u00eb p\u00ebrdorimin e burimeve shtet\u00ebrore dhe ofiqit publik p\u00ebr avantazh elektoral. Fokusi i ve\u00e7ant\u00eb i k\u00ebsaj nd\u00ebrhyrjeje ishte kontributi p\u00ebr p\u00ebrmir\u00ebsimin e kuadrit normativ p\u00ebr parandalimin e presionit ndaj zgjedh\u00ebsve dhe dhunimin e fsheht\u00ebsis\u00eb s\u00eb vot\u00ebs gjat\u00eb dit\u00ebs s\u00eb zgjedhjeve nga strukturat e patronazhit dhe kontrollit t\u00eb vot\u00ebs, ndalimi i p\u00ebrdorimit t\u00eb burimeve shtet\u00ebrore dhe ofiqit publik p\u00ebr avantazh elektoral, votimi i diaspor\u00ebs, dhe financimi i fushat\u00ebs. KRIIK ka investuar zyrtarisht KQZ-n\u00eb me 19 <a href=\"https:\/\/kriik.al\/home\/category\/rekomandime\/\" target=\"_blank\" rel=\"noopener\" title=\"\">dokumente me rekomandime<\/a> p\u00ebr p\u00ebrmir\u00ebsimin e aspekteve teknike dhe procedurale t\u00eb procesit zgjedhor, p\u00ebrpos rekomandimeve t\u00eb vijueshme verbale me administrat\u00ebn apo trupat drejtuese t\u00eb KQZ-s\u00eb, depozitoi <a href=\"https:\/\/kriik.al\/home\/category\/denoncime\/\" target=\"_blank\" rel=\"noopener\" title=\"\">31 denoncime<\/a>, publikoi <a href=\"https:\/\/kriik.al\/home\/category\/deklarata\/\" target=\"_blank\" rel=\"noopener\" title=\"gjasht\u00eb deklarata\">gjasht\u00eb deklarata<\/a> dhe nj\u00eb <a href=\"https:\/\/kriik.al\/home\/2025\/03\/13\/qendrim-publik-deklaratat-intimiduese-ndaj-kriik-dhe-kqz-se-prej-kryetarit-te-komisionit-parlamentar-te-sigurise-shqetesim-ne-rritje-per-sjelljen-e-maxhorances-socialiste-ndaj-zerit-te-pavaru\/\" target=\"_blank\" rel=\"noopener\" title=\"\">Q\u00ebndrim Publik<\/a> p\u00ebr aspekte t\u00eb ndryshme t\u00eb procesit zgjedhor.<\/p>\n\n\n\n<p>Dit\u00ebn e zgjedhjeve KRIIK angazhoi 38 v\u00ebzhgues t\u00eb cil\u00ebt vullnetarisht monitoruan disa element\u00eb t\u00eb votimit, me fokus t\u00eb ve\u00e7ant\u00eb n\u00eb plot\u00ebsimin e kritereve p\u00ebr votim t\u00eb fsheht\u00eb, t\u00eb lir\u00eb nga intimidimi dhe t\u00eb qet\u00eb n\u00eb af\u00ebrsi t\u00eb qendrave t\u00eb votimit. V\u00ebzhguesit raportuan n\u00eb koh\u00eb reale p\u00ebr zhvillimin e procesit, duke p\u00ebrfshir\u00eb edhe parregullsit\u00eb e v\u00ebrejtura. <\/p>\n\n\n\n<p>Nj\u00eb dit\u00eb pas dit\u00ebs s\u00eb zgjedhjeve, n\u00eb dat\u00eb 12 maj 2025, KRIIK publikoi <a href=\"https:\/\/kriik.al\/home\/wp-content\/uploads\/2025\/05\/KRIIK-DeklarataEGjetjeveParaprake-ZgjedhjetParlamentare2025-20250512.pdf\" target=\"_blank\" rel=\"noopener\" title=\"Deklarat\u00ebn e Gjetjeve dhe Konkluzioneve Paraprake\">Deklarat\u00ebn e Gjetjeve dhe Konkluzioneve Paraprake<\/a> mbi procesin zgjedhor, ku vler\u00ebsohet i gjith\u00eb procesi deri n\u00eb at\u00eb pik\u00eb. <\/p>\n\n\n\n<p>KRIIK vijon monitorimin e procesit pas-zgjedhor, p\u00ebrfshir\u00eb ankesat dhe apelimet; shpalljen e rezultateve p\u00ebrfundimtare; situat\u00ebn politike dhe institucionale pas zgjedhjeve; k\u00ebqyrjen e materialeve zgjedhore dhe kutive t\u00eb votimit, q\u00eb do t\u00eb kryhet nga KQZ-ja disa muaj pas zgjedhjeve; vet\u00ebraportimin e t\u00eb ardhurave dhe shpenzimeve t\u00eb fushat\u00ebs zgjedhore nga subjektet zgjedhore, si dhe auditimin e kontrollin e financave t\u00eb fushat\u00ebs nga KQZ-ja.<\/p>\n","protected":false},"excerpt":{"rendered":"<p>Aksioni i V\u00ebzhgimit p\u00ebr Zgjedhjet p\u00ebr Kuvendin e Shqip\u00ebris\u00eb t\u00eb 11 majit 2025 Koalicioni p\u00ebr Reforma, Integrim dhe Institucione t\u00eb Konsoliduara (KRIIK), n\u00eb vazhdim\u00ebsi t\u00eb angazhimit prej m\u00eb shum\u00eb se nj\u00eb dekade n\u00eb mbrojtje t\u00eb integritetit t\u00eb procesit zgjedhor dhe forcimit t\u00eb standardeve p\u00ebr zgjedhje demokratike, monitoroi pjes\u00ebrisht procesin e Zgjedhjeve Parlamentare t\u00eb 11 majit&#8230;<\/p>\n","protected":false},"author":1,"featured_media":0,"parent":0,"menu_order":0,"comment_status":"closed","ping_status":"closed","template":"","meta":{"om_disable_all_campaigns":false,"_monsterinsights_skip_tracking":false,"_monsterinsights_sitenote_active":false,"_monsterinsights_sitenote_note":"","_monsterinsights_sitenote_category":0,"footnotes":""},"class_list":["post-126","page","type-page","status-publish","hentry"],"aioseo_notices":[],"_links":{"self":[{"href":"https:\/\/kriik.al\/home\/wp-json\/wp\/v2\/pages\/126","targetHints":{"allow":["GET"]}}],"collection":[{"href":"https:\/\/kriik.al\/home\/wp-json\/wp\/v2\/pages"}],"about":[{"href":"https:\/\/kriik.al\/home\/wp-json\/wp\/v2\/types\/page"}],"author":[{"embeddable":true,"href":"https:\/\/kriik.al\/home\/wp-json\/wp\/v2\/users\/1"}],"replies":[{"embeddable":true,"href":"https:\/\/kriik.al\/home\/wp-json\/wp\/v2\/comments?post=126"}],"version-history":[{"count":93,"href":"https:\/\/kriik.al\/home\/wp-json\/wp\/v2\/pages\/126\/revisions"}],"predecessor-version":[{"id":3318,"href":"https:\/\/kriik.al\/home\/wp-json\/wp\/v2\/pages\/126\/revisions\/3318"}],"wp:attachment":[{"href":"https:\/\/kriik.al\/home\/wp-json\/wp\/v2\/media?parent=126"}],"curies":[{"name":"wp","href":"https:\/\/api.w.org\/{rel}","templated":true}]}}