{"id":122,"date":"2019-06-27T11:24:59","date_gmt":"2019-06-27T11:24:59","guid":{"rendered":"https:\/\/kriik.al\/home\/?page_id=122"},"modified":"2019-06-28T14:53:07","modified_gmt":"2019-06-28T14:53:07","slug":"cfare-bejme","status":"publish","type":"page","link":"https:\/\/kriik.al\/home\/cfare-bejme\/","title":{"rendered":"\u00c7far\u00eb b\u00ebjm\u00eb"},"content":{"rendered":"\n<h3 class=\"wp-block-heading\"><strong>Objektivat strategjik\u00eb 2019 &#8211; 2023<\/strong><\/h3>\n\n\n\n<p><strong>Veprimtaria e KRIIK gjat\u00eb periudh\u00ebs 2019-2023 do t\u00eb orientohet n\u00eb funksion t\u00eb p\u00ebrmbushjes s\u00eb gjasht\u00eb objektivave strategjik\u00eb si m\u00eb posht\u00eb:&nbsp;<\/strong><\/p>\n\n\n\n<p>P\u00ebrmir\u00ebsimi i integritetit t\u00eb zgjedhjeve<\/p>\n\n\n\n<p>Rritja e transparenc\u00ebs dhe llogaridh\u00ebnies s\u00eb institucioneve publike dhe partive politike<\/p>\n\n\n\n<p>Forcimi i respektimit t\u00eb t\u00eb drejtave dhe lirive themelore t\u00eb njeriut dhe siguris\u00eb njer\u00ebzore&nbsp;<\/p>\n\n\n\n<p>Rritja e nivelit t\u00eb nd\u00ebrgjegj\u00ebsimit dhe kapaciteteve qytetare, institucionale dhe politike<\/p>\n\n\n\n<p>Rritja e angazhimit t\u00eb qytetar\u00ebve n\u00eb hartimin e politikave publike<\/p>\n\n\n\n<p>Mentorimi i grupeve vulnerab\u00ebl p\u00ebr hartimin e propozimeve n\u00eb kuad\u00ebr t\u00eb rritjes s\u00eb llogaridh\u00ebni\u00ebs dhe angazhimit t\u00eb institucioneve publike si dhe vet\u00eb shoq\u00ebris\u00eb civile.<\/p>\n\n\n\n<p>P\u00ebrdorimi i TIK si mjet p\u00ebr p\u00ebrhapjen, mb\u00ebshtjetjen dhe p\u00ebrcimin e vizionit dhe misionit t\u00eb KRIIK.&nbsp;<\/p>\n\n\n\n<p>Forcimi institucional i KRIIK\u00a0<\/p>\n\n\n\n<p><\/p>\n\n\n\n<h3 class=\"wp-block-heading\"><strong>Programet<\/strong><\/h3>\n\n\n\n<p><strong>N\u00eb funksion t\u00eb p\u00ebrmbushjes s\u00eb objektivave strategjik\u00eb, KRIIK do t\u00eb zbatoj\u00eb pes\u00eb programet e m\u00ebposhtme.&nbsp;<\/strong><\/p>\n\n\n\n<p>Programi p\u00ebr Integritetin e Zgjedhjeve<\/p>\n\n\n\n<p>Programi p\u00ebr Transparenc\u00eb dhe Llogaridh\u00ebnie Institucionale dhe Politike<\/p>\n\n\n\n<p>Programi p\u00ebr t\u00eb Drejtat e Njeriut dhe Sigurin\u00eb Njer\u00ebzore<\/p>\n\n\n\n<p>Programi p\u00ebr Forcim Kapacitetesh dhe Lidership Etik<\/p>\n\n\n\n<p>Programi p\u00ebr Angazhim Qytetar dhe Demokraci t\u00eb Drejtp\u00ebrdrejt\u00eb<\/p>\n","protected":false},"excerpt":{"rendered":"<p>Objektivat strategjik\u00eb 2019 &#8211; 2023 Veprimtaria e KRIIK gjat\u00eb periudh\u00ebs 2019-2023 do t\u00eb orientohet n\u00eb funksion t\u00eb p\u00ebrmbushjes s\u00eb gjasht\u00eb objektivave strategjik\u00eb si m\u00eb posht\u00eb:&nbsp; P\u00ebrmir\u00ebsimi i integritetit t\u00eb zgjedhjeve Rritja e transparenc\u00ebs dhe llogaridh\u00ebnies s\u00eb institucioneve publike dhe partive politike Forcimi i respektimit t\u00eb t\u00eb drejtave dhe lirive themelore t\u00eb njeriut dhe siguris\u00eb njer\u00ebzore&nbsp;&#8230;<\/p>\n","protected":false},"author":1,"featured_media":0,"parent":0,"menu_order":0,"comment_status":"closed","ping_status":"closed","template":"","meta":{"om_disable_all_campaigns":false,"_monsterinsights_skip_tracking":false,"_monsterinsights_sitenote_active":false,"_monsterinsights_sitenote_note":"","_monsterinsights_sitenote_category":0,"footnotes":""},"class_list":["post-122","page","type-page","status-publish","hentry"],"aioseo_notices":[],"_links":{"self":[{"href":"https:\/\/kriik.al\/home\/wp-json\/wp\/v2\/pages\/122","targetHints":{"allow":["GET"]}}],"collection":[{"href":"https:\/\/kriik.al\/home\/wp-json\/wp\/v2\/pages"}],"about":[{"href":"https:\/\/kriik.al\/home\/wp-json\/wp\/v2\/types\/page"}],"author":[{"embeddable":true,"href":"https:\/\/kriik.al\/home\/wp-json\/wp\/v2\/users\/1"}],"replies":[{"embeddable":true,"href":"https:\/\/kriik.al\/home\/wp-json\/wp\/v2\/comments?post=122"}],"version-history":[{"count":5,"href":"https:\/\/kriik.al\/home\/wp-json\/wp\/v2\/pages\/122\/revisions"}],"predecessor-version":[{"id":208,"href":"https:\/\/kriik.al\/home\/wp-json\/wp\/v2\/pages\/122\/revisions\/208"}],"wp:attachment":[{"href":"https:\/\/kriik.al\/home\/wp-json\/wp\/v2\/media?parent=122"}],"curies":[{"name":"wp","href":"https:\/\/api.w.org\/{rel}","templated":true}]}}