{"id":1215,"date":"2021-05-11T16:23:30","date_gmt":"2021-05-11T14:23:30","guid":{"rendered":"https:\/\/kriik.al\/home\/?page_id=1215"},"modified":"2023-07-12T20:09:39","modified_gmt":"2023-07-12T18:09:39","slug":"selenica-civil-forum","status":"publish","type":"page","link":"https:\/\/kriik.al\/home\/en\/selenica-civil-forum\/","title":{"rendered":"Selenica Civil Forum"},"content":{"rendered":"\n<div class=\"wp-block-image\"><figure class=\"aligncenter is-resized\"><img loading=\"lazy\" decoding=\"async\" src=\"https:\/\/kriik.al\/home\/wp-content\/uploads\/2021\/04\/4_Forumi-Civil-Selenic\u00eb-.png\" alt=\"\" class=\"wp-image-777\" width=\"163\" height=\"163\" srcset=\"https:\/\/kriik.al\/home\/wp-content\/uploads\/2021\/04\/4_Forumi-Civil-Selenic\u00eb-.png 200w, https:\/\/kriik.al\/home\/wp-content\/uploads\/2021\/04\/4_Forumi-Civil-Selenic\u00eb--150x150.png 150w\" sizes=\"auto, (max-width: 163px) 100vw, 163px\" \/><\/figure><\/div>\n\n\n\n<hr class=\"wp-block-separator\"\/>\n\n\n\n<h3 class=\"wp-block-heading\"><strong>Description<\/strong><\/h3>\n\n\n\n<p><strong><em>The purpose of the organization<\/em><\/strong><\/p>\n\n\n\n<p>Capacity building of the community through strengthening the voice of young people and women as well as participation in active life, social issues and equality in society, management and implementation of projects that promote employment with a focus on agriculture, livestock and agritourism, and participation and monitoring of public policy.<\/p>\n\n\n\n<p><strong>Our scope<\/strong><\/p>\n\n\n\n<p>The main topics covered by the organization are: Local Democracy, Gender Equality, Youth Empowerment and Child Protection, Education, Employment Issues, Agriculture, Agritourism, Environment and Cultural Heritage.<\/p>\n\n\n\n<p><strong><em>Geographical Region<\/em><\/strong><\/p>\n\n\n\n<p>Municipality of Selenica<\/p>\n\n\n\n<h3 class=\"wp-block-heading\">Contact<\/h3>\n\n\n\n<p> P\u00ebrfaq\u00ebsuesi ligjor i organizat\u00ebs,&nbsp; Lori Liko<\/p>\n\n\n\n<p>E-mail: <a href=\"mailto:forumicivilselenice@gmail.com\">forumicivilselenice@gmail.com<\/a><\/p>\n\n\n\n<hr class=\"wp-block-separator\"\/>\n","protected":false},"excerpt":{"rendered":"<p>Description The purpose of the organization Capacity building of the community through strengthening the voice of young people and women as well as participation in active life, social issues and equality in society, management and implementation of projects that promote employment with a focus on agriculture, livestock and agritourism, and participation and monitoring of public&#8230;<\/p>\n","protected":false},"author":4,"featured_media":0,"parent":0,"menu_order":0,"comment_status":"closed","ping_status":"closed","template":"","meta":{"om_disable_all_campaigns":false,"_monsterinsights_skip_tracking":false,"_monsterinsights_sitenote_active":false,"_monsterinsights_sitenote_note":"","_monsterinsights_sitenote_category":0,"footnotes":""},"class_list":["post-1215","page","type-page","status-publish","hentry"],"aioseo_notices":[],"_links":{"self":[{"href":"https:\/\/kriik.al\/home\/wp-json\/wp\/v2\/pages\/1215","targetHints":{"allow":["GET"]}}],"collection":[{"href":"https:\/\/kriik.al\/home\/wp-json\/wp\/v2\/pages"}],"about":[{"href":"https:\/\/kriik.al\/home\/wp-json\/wp\/v2\/types\/page"}],"author":[{"embeddable":true,"href":"https:\/\/kriik.al\/home\/wp-json\/wp\/v2\/users\/4"}],"replies":[{"embeddable":true,"href":"https:\/\/kriik.al\/home\/wp-json\/wp\/v2\/comments?post=1215"}],"version-history":[{"count":4,"href":"https:\/\/kriik.al\/home\/wp-json\/wp\/v2\/pages\/1215\/revisions"}],"predecessor-version":[{"id":2494,"href":"https:\/\/kriik.al\/home\/wp-json\/wp\/v2\/pages\/1215\/revisions\/2494"}],"wp:attachment":[{"href":"https:\/\/kriik.al\/home\/wp-json\/wp\/v2\/media?parent=1215"}],"curies":[{"name":"wp","href":"https:\/\/api.w.org\/{rel}","templated":true}]}}