{"id":106,"date":"2019-06-27T11:18:45","date_gmt":"2019-06-27T11:18:45","guid":{"rendered":"https:\/\/kriik.al\/home\/?page_id=106"},"modified":"2019-06-28T15:20:53","modified_gmt":"2019-06-28T15:20:53","slug":"open-data-2","status":"publish","type":"page","link":"https:\/\/kriik.al\/home\/open-data-2\/","title":{"rendered":"Hapja e t\u00eb dh\u00ebnave zgjedhore"},"content":{"rendered":"\n<p><strong>KRIIK, n\u00eb bashkepunim me <a href=\"https:\/\/zgjedhje.al\/index.php?gj=sh\">KVV<\/a> dhe <a href=\"https:\/\/democracyinternational.com\/\">Democracy International<\/a> ka nisur hapjen e t\u00eb dh\u00ebnave zgjedhore prej vitit 2015. <\/strong><\/p>\n\n\n\n<p>Gjeni t\u00eb dh\u00ebnat zgjedhore p\u00ebr zgjedhjet lokale 2015 dhe ato parlamentare 2017 n\u00eb <a href=\"https:\/\/www.tedhenat.al\/\">www.tedhenat.al<\/a> <\/p>\n","protected":false},"excerpt":{"rendered":"<p>KRIIK, n\u00eb bashkepunim me KVV dhe Democracy International ka nisur hapjen e t\u00eb dh\u00ebnave zgjedhore prej vitit 2015. Gjeni t\u00eb dh\u00ebnat zgjedhore p\u00ebr zgjedhjet lokale 2015 dhe ato parlamentare 2017 n\u00eb www.tedhenat.al<\/p>\n","protected":false},"author":1,"featured_media":0,"parent":0,"menu_order":0,"comment_status":"closed","ping_status":"closed","template":"","meta":{"om_disable_all_campaigns":false,"_monsterinsights_skip_tracking":false,"_monsterinsights_sitenote_active":false,"_monsterinsights_sitenote_note":"","_monsterinsights_sitenote_category":0,"footnotes":""},"class_list":["post-106","page","type-page","status-publish","hentry"],"aioseo_notices":[],"_links":{"self":[{"href":"https:\/\/kriik.al\/home\/wp-json\/wp\/v2\/pages\/106","targetHints":{"allow":["GET"]}}],"collection":[{"href":"https:\/\/kriik.al\/home\/wp-json\/wp\/v2\/pages"}],"about":[{"href":"https:\/\/kriik.al\/home\/wp-json\/wp\/v2\/types\/page"}],"author":[{"embeddable":true,"href":"https:\/\/kriik.al\/home\/wp-json\/wp\/v2\/users\/1"}],"replies":[{"embeddable":true,"href":"https:\/\/kriik.al\/home\/wp-json\/wp\/v2\/comments?post=106"}],"version-history":[{"count":8,"href":"https:\/\/kriik.al\/home\/wp-json\/wp\/v2\/pages\/106\/revisions"}],"predecessor-version":[{"id":232,"href":"https:\/\/kriik.al\/home\/wp-json\/wp\/v2\/pages\/106\/revisions\/232"}],"wp:attachment":[{"href":"https:\/\/kriik.al\/home\/wp-json\/wp\/v2\/media?parent=106"}],"curies":[{"name":"wp","href":"https:\/\/api.w.org\/{rel}","templated":true}]}}