{"id":100,"date":"2019-06-27T11:15:44","date_gmt":"2019-06-27T11:15:44","guid":{"rendered":"https:\/\/kriik.al\/home\/?page_id=100"},"modified":"2019-06-28T15:08:40","modified_gmt":"2019-06-28T15:08:40","slug":"demokracia-e-drejtperdrejte","status":"publish","type":"page","link":"https:\/\/kriik.al\/home\/demokracia-e-drejtperdrejte\/","title":{"rendered":"Demokracia e drejtp\u00ebrdrejt\u00eb"},"content":{"rendered":"\n<p>Angazhimi i KRIIK n\u00eb lidhje me demokracin\u00eb e drejtp\u00ebrdrejt\u00eb \u00ebsht\u00eb zhvilluar n\u00eb bashk\u00ebpunim me <a href=\"https:\/\/zgjedhje.al\/index.php?gj=sh\">Koalicionin e V\u00ebzhguesve Vendore (KVV)<\/a> deri n\u00eb vitin 2017. Gjeni informacion mbi aktivitietin e KRIIK n\u00eb lidhje me demokracin\u00eb e drejtp\u00ebrdrejt\u00eb n\u00eb <a href=\"https:\/\/zgjedhje.al\/index.php?gj=sh\">faqen e KVV<\/a>. <\/p>\n","protected":false},"excerpt":{"rendered":"<p>Angazhimi i KRIIK n\u00eb lidhje me demokracin\u00eb e drejtp\u00ebrdrejt\u00eb \u00ebsht\u00eb zhvilluar n\u00eb bashk\u00ebpunim me Koalicionin e V\u00ebzhguesve Vendore (KVV) deri n\u00eb vitin 2017. Gjeni informacion mbi aktivitietin e KRIIK n\u00eb lidhje me demokracin\u00eb e drejtp\u00ebrdrejt\u00eb n\u00eb faqen e KVV.<\/p>\n","protected":false},"author":1,"featured_media":0,"parent":0,"menu_order":0,"comment_status":"closed","ping_status":"closed","template":"","meta":{"om_disable_all_campaigns":false,"_monsterinsights_skip_tracking":false,"_monsterinsights_sitenote_active":false,"_monsterinsights_sitenote_note":"","_monsterinsights_sitenote_category":0,"footnotes":""},"class_list":["post-100","page","type-page","status-publish","hentry"],"aioseo_notices":[],"_links":{"self":[{"href":"https:\/\/kriik.al\/home\/wp-json\/wp\/v2\/pages\/100","targetHints":{"allow":["GET"]}}],"collection":[{"href":"https:\/\/kriik.al\/home\/wp-json\/wp\/v2\/pages"}],"about":[{"href":"https:\/\/kriik.al\/home\/wp-json\/wp\/v2\/types\/page"}],"author":[{"embeddable":true,"href":"https:\/\/kriik.al\/home\/wp-json\/wp\/v2\/users\/1"}],"replies":[{"embeddable":true,"href":"https:\/\/kriik.al\/home\/wp-json\/wp\/v2\/comments?post=100"}],"version-history":[{"count":2,"href":"https:\/\/kriik.al\/home\/wp-json\/wp\/v2\/pages\/100\/revisions"}],"predecessor-version":[{"id":217,"href":"https:\/\/kriik.al\/home\/wp-json\/wp\/v2\/pages\/100\/revisions\/217"}],"wp:attachment":[{"href":"https:\/\/kriik.al\/home\/wp-json\/wp\/v2\/media?parent=100"}],"curies":[{"name":"wp","href":"https:\/\/api.w.org\/{rel}","templated":true}]}}